{"id":443,"date":"2024-12-16T15:16:53","date_gmt":"2024-12-16T15:16:53","guid":{"rendered":"https:\/\/centremedicmataro.com\/osteopatia\/"},"modified":"2025-03-24T10:23:37","modified_gmt":"2025-03-24T10:23:37","slug":"osteopatia","status":"publish","type":"page","link":"https:\/\/centremedicmataro.com\/es\/especialidades\/osteopatia\/","title":{"rendered":"Osteopat\u00eda"},"content":{"rendered":"<div id='av_section_1'  class='avia-section av-4ck5gg-c3911021a37ddae67304399b37697be2 main_color avia-section-default avia-no-border-styling  avia-builder-el-0  el_before_av_section  avia-builder-el-first  av-small-hide av-mini-hide avia-bg-style-scroll container_wrap fullsize'  ><div class='container av-section-cont-open' ><main  role=\"main\" itemprop=\"mainContentOfPage\"  class='template-page content  av-content-full alpha units'><div class='post-entry post-entry-type-page post-entry-443'><div class='entry-content-wrapper clearfix'>\n<div  class='flex_column av-48a7sg-2aa57191d4df734a76b64601524b8773 av_four_fifth  avia-builder-el-1  el_before_av_one_fifth  avia-builder-el-first  first flex_column_div  '     ><section  class='av_textblock_section av-m4r6fhfm-913de7a97665d74e090b8d325ae34f3a '   itemscope=\"itemscope\" itemtype=\"https:\/\/schema.org\/CreativeWork\" ><div class='avia_textblock'  itemprop=\"text\" ><h4 style=\"font-weight: 300;\">ESPECIALIDADES M\u00c9DICAS \/ <strong>OSTEOPAT\u00cdA<\/strong><\/h4>\n<\/div><\/section><\/div><div  class='flex_column av-3zrpu8-d6ccc43d608e9d0ddef783758a9bc04b av_one_fifth  avia-builder-el-3  el_after_av_four_fifth  el_before_av_one_full  flex_column_div  '     ><style type=\"text\/css\" data-created_by=\"avia_inline_auto\" id=\"style-css-av-m4r6fv1c-d0d0e88111f1178eb8e4037a92dd1fc6\">\n.av_font_icon.av-m4r6fv1c-d0d0e88111f1178eb8e4037a92dd1fc6{\ncolor:#c4a135;\nborder-color:#c4a135;\n}\n.avia-svg-icon.av-m4r6fv1c-d0d0e88111f1178eb8e4037a92dd1fc6 svg:first-child{\nstroke:#c4a135;\nfill:#c4a135;\n}\n.av_font_icon.av-m4r6fv1c-d0d0e88111f1178eb8e4037a92dd1fc6 .av-icon-char{\nfont-size:30px;\nline-height:30px;\n}\n<\/style>\n<span  class='av_font_icon av-m4r6fv1c-d0d0e88111f1178eb8e4037a92dd1fc6 avia_animate_when_visible av-icon-style- avia-icon-pos-left avia-iconfont avia-font-flaticon avia-icon-animate'><span class='av-icon-char' data-av_icon='\uf11e' data-av_iconfont='flaticon' aria-hidden=\"true\" ><\/span><\/span><\/div><div  class='flex_column av-3vdyts-dac429be04193d331a63a600542a7516 av_one_full  avia-builder-el-5  el_after_av_one_fifth  avia-builder-el-last  first flex_column_div  column-top-margin'     ><style type=\"text\/css\" data-created_by=\"avia_inline_auto\" id=\"style-css-av-m4r6gywk-c1ef2c2d7cb5d8d054611320b238fd5e\">\n.avia-image-container.av-m4r6gywk-c1ef2c2d7cb5d8d054611320b238fd5e img.avia_image{\nbox-shadow:none;\n}\n.avia-image-container.av-m4r6gywk-c1ef2c2d7cb5d8d054611320b238fd5e .av-image-caption-overlay-center{\ncolor:#ffffff;\n}\n<\/style>\n<div  class='avia-image-container av-m4r6gywk-c1ef2c2d7cb5d8d054611320b238fd5e av-styling- avia-align-center  avia-builder-el-6  avia-builder-el-no-sibling '   itemprop=\"image\" itemscope=\"itemscope\" itemtype=\"https:\/\/schema.org\/ImageObject\" ><div class=\"avia-image-container-inner\"><div class=\"avia-image-overlay-wrap\"><img decoding=\"async\" fetchpriority=\"high\" class='wp-image-290 avia-img-lazy-loading-not-290 avia_image ' src=\"https:\/\/centremedicmataro.com\/wp-content\/uploads\/2024\/12\/Slider-OsteopatiaCentreMedic-HCM.png\" alt='' title='Slider-OsteopatiaCentreMe\u0300dic-HCM'  height=\"430\" width=\"1500\"  itemprop=\"thumbnailUrl\" srcset=\"https:\/\/centremedicmataro.com\/wp-content\/uploads\/2024\/12\/Slider-OsteopatiaCentreMedic-HCM.png 1500w, https:\/\/centremedicmataro.com\/wp-content\/uploads\/2024\/12\/Slider-OsteopatiaCentreMedic-HCM-300x86.png 300w, https:\/\/centremedicmataro.com\/wp-content\/uploads\/2024\/12\/Slider-OsteopatiaCentreMedic-HCM-1024x294.png 1024w, https:\/\/centremedicmataro.com\/wp-content\/uploads\/2024\/12\/Slider-OsteopatiaCentreMedic-HCM-768x220.png 768w, https:\/\/centremedicmataro.com\/wp-content\/uploads\/2024\/12\/Slider-OsteopatiaCentreMedic-HCM-705x202.png 705w, https:\/\/centremedicmataro.com\/wp-content\/uploads\/2024\/12\/Slider-OsteopatiaCentreMedic-HCM-240x69.png 240w\" sizes=\"(max-width: 1500px) 100vw, 1500px\" \/><\/div><\/div><\/div><\/div>\n\n<\/div><\/div><\/main><!-- close content main element --><\/div><\/div><div id='av_section_2'  class='avia-section av-3oimi8-4acae9a225fb1e87fefd423dca4e647b main_color avia-section-default avia-no-border-styling  avia-builder-el-7  el_after_av_section  el_before_av_layout_row  av-desktop-hide av-medium-hide avia-bg-style-scroll container_wrap fullsize'  ><div class='container av-section-cont-open' ><div class='template-page content  av-content-full alpha units'><div class='post-entry post-entry-type-page post-entry-443'><div class='entry-content-wrapper clearfix'>\n<div  class='flex_column av-cvwu8-0bc07f55fa4e318c2915c3df827ab2d0 av_one_fifth  avia-builder-el-8  el_before_av_four_fifth  avia-builder-el-first  first flex_column_div  '     ><style type=\"text\/css\" data-created_by=\"avia_inline_auto\" id=\"style-css-av-m4r6fz9a-0c181dbcbff52a761a244d7567618781\">\n.av_font_icon.av-m4r6fz9a-0c181dbcbff52a761a244d7567618781{\ncolor:#c4a135;\nborder-color:#c4a135;\n}\n.avia-svg-icon.av-m4r6fz9a-0c181dbcbff52a761a244d7567618781 svg:first-child{\nstroke:#c4a135;\nfill:#c4a135;\n}\n.av_font_icon.av-m4r6fz9a-0c181dbcbff52a761a244d7567618781 .av-icon-char{\nfont-size:30px;\nline-height:30px;\n}\n<\/style>\n<span  class='av_font_icon av-m4r6fz9a-0c181dbcbff52a761a244d7567618781 avia_animate_when_visible av-icon-style- avia-icon-pos-left avia-iconfont avia-font-flaticon avia-icon-animate'><span class='av-icon-char' data-av_icon='\uf11e' data-av_iconfont='flaticon' aria-hidden=\"true\" ><\/span><\/span><\/div><div  class='flex_column av-3bwg74-b08f8cfd6a945dece0e7fe9a6669e8f1 av_four_fifth  avia-builder-el-10  el_after_av_one_fifth  el_before_av_one_full  flex_column_div  '     ><section  class='av_textblock_section av-m4r6g42x-c572b8b9b48d744c205d79fd28b964b1 '   itemscope=\"itemscope\" itemtype=\"https:\/\/schema.org\/CreativeWork\" ><div class='avia_textblock'  itemprop=\"text\" ><h4 style=\"font-weight: 300;\">ESPECIALIDADES M\u00c9DICAS \/ <strong>OSTEOPAT\u00cdA<\/strong><\/h4>\n<\/div><\/section><\/div><div  class='flex_column av-3a9umo-9340c8129e7094b01ada0e393bcc8d1b av_one_full  avia-builder-el-12  el_after_av_four_fifth  avia-builder-el-last  first flex_column_div  '     ><style type=\"text\/css\" data-created_by=\"avia_inline_auto\" id=\"style-css-av-m4r6hab6-176d2f5fbfc79a701f160bb40fd5de5f\">\n.avia-image-container.av-m4r6hab6-176d2f5fbfc79a701f160bb40fd5de5f img.avia_image{\nbox-shadow:none;\n}\n.avia-image-container.av-m4r6hab6-176d2f5fbfc79a701f160bb40fd5de5f .av-image-caption-overlay-center{\ncolor:#ffffff;\n}\n<\/style>\n<div  class='avia-image-container av-m4r6hab6-176d2f5fbfc79a701f160bb40fd5de5f av-styling- avia-align-center  avia-builder-el-13  avia-builder-el-no-sibling '   itemprop=\"image\" itemscope=\"itemscope\" itemtype=\"https:\/\/schema.org\/ImageObject\" ><div class=\"avia-image-container-inner\"><div class=\"avia-image-overlay-wrap\"><img decoding=\"async\" fetchpriority=\"high\" class='wp-image-292 avia-img-lazy-loading-not-292 avia_image ' src=\"https:\/\/centremedicmataro.com\/wp-content\/uploads\/2024\/12\/SliderMvl-OsteopatiaCentreMedic-HCM.png\" alt='' title='SliderMvl-OsteopatiaCentreMe\u0300dic-HCM'  height=\"500\" width=\"600\"  itemprop=\"thumbnailUrl\" srcset=\"https:\/\/centremedicmataro.com\/wp-content\/uploads\/2024\/12\/SliderMvl-OsteopatiaCentreMedic-HCM.png 600w, https:\/\/centremedicmataro.com\/wp-content\/uploads\/2024\/12\/SliderMvl-OsteopatiaCentreMedic-HCM-300x250.png 300w, https:\/\/centremedicmataro.com\/wp-content\/uploads\/2024\/12\/SliderMvl-OsteopatiaCentreMedic-HCM-216x180.png 216w\" sizes=\"(max-width: 600px) 100vw, 600px\" \/><\/div><\/div><\/div><\/div>\n\n<\/div><\/div><\/div><!-- close content main div --><\/div><\/div><div id='av-layout-grid-1'  class='av-layout-grid-container av-32itvk-7f41496edd56f39c885396cd6b1d632e entry-content-wrapper main_color av-flex-cells  avia-builder-el-14  el_after_av_section  el_before_av_section  grid-row-not-first  container_wrap fullsize'  >\n\n<style type=\"text\/css\" data-created_by=\"avia_inline_auto\" id=\"style-css-av-2yubtc-999ca8414cc2c6e098feb11ae5583a7f\">\n.flex_cell.av-2yubtc-999ca8414cc2c6e098feb11ae5583a7f{\nvertical-align:middle;\nbackground-color:#c7a436;\n}\n<\/style>\n<div class='flex_cell av-2yubtc-999ca8414cc2c6e098feb11ae5583a7f av-gridrow-cell av_one_fourth no_margin  avia-builder-el-15  el_before_av_cell_one_fourth  avia-builder-el-first  content-align-middle'  ><div class='flex_cell_inner'><\/div><\/div>\n<style type=\"text\/css\" data-created_by=\"avia_inline_auto\" id=\"style-css-av-2o1pug-4ac66de81903609a9fa6e680cd2ab29d\">\n.flex_cell.av-2o1pug-4ac66de81903609a9fa6e680cd2ab29d{\nvertical-align:middle;\nbackground-color:#c7a436;\n}\n<\/style>\n<div class='flex_cell av-2o1pug-4ac66de81903609a9fa6e680cd2ab29d av-gridrow-cell av_one_fourth no_margin  avia-builder-el-16  el_after_av_cell_one_fourth  el_before_av_cell_one_fourth  content-align-middle'  ><div class='flex_cell_inner'><div  class='flex_column av-94bo0-251032fa82dd924b6b8afcfb20d6e20b av_one_full  avia-builder-el-17  avia-builder-el-no-sibling  first flex_column_div  '     ><style type=\"text\/css\" data-created_by=\"avia_inline_auto\" id=\"style-css-av-m4r6gcy6-35e2b3fd76ff2f6077990516ae8bf212\">\n#top .av-special-heading.av-m4r6gcy6-35e2b3fd76ff2f6077990516ae8bf212{\nmargin:0 0 0 0;\npadding-bottom:0;\ncolor:#ffffff;\n}\nbody .av-special-heading.av-m4r6gcy6-35e2b3fd76ff2f6077990516ae8bf212 .av-special-heading-tag .heading-char{\nfont-size:25px;\n}\n.av-special-heading.av-m4r6gcy6-35e2b3fd76ff2f6077990516ae8bf212 .special-heading-inner-border{\nborder-color:#ffffff;\n}\n.av-special-heading.av-m4r6gcy6-35e2b3fd76ff2f6077990516ae8bf212 .av-subheading{\nfont-size:24px;\n}\n<\/style>\n<div  class='av-special-heading av-m4r6gcy6-35e2b3fd76ff2f6077990516ae8bf212 av-special-heading-h4 custom-color-heading blockquote modern-quote  avia-builder-el-18  el_before_av_heading  avia-builder-el-first  av-linked-heading'><div class='av_custom_color av-subheading av-subheading_above'><p style=\"color: #ffffff;\">OSTEOPAT\u00cdA<\/p>\n<\/div><h4 class='av-special-heading-tag '  itemprop=\"headline\"  ><a class=\"av-heading-link\" href=\"https:\/\/centremedicmataro.com\/es\/cuadro-medico-detalle\/osteopatia-es\/897\/\" >Sr. Gulbani, Alex<\/a><\/h4><div class=\"special-heading-border\"><div class=\"special-heading-inner-border\"><\/div><\/div><\/div><br \/>\n\n<style type=\"text\/css\" data-created_by=\"avia_inline_auto\" id=\"style-css-av-m4r6gky7-8c9ecc19374fe843415c7ee1e49fd75f\">\n#top .av-special-heading.av-m4r6gky7-8c9ecc19374fe843415c7ee1e49fd75f{\nmargin:0 0 0 0;\npadding-bottom:0;\ncolor:#ffffff;\n}\nbody .av-special-heading.av-m4r6gky7-8c9ecc19374fe843415c7ee1e49fd75f .av-special-heading-tag .heading-char{\nfont-size:25px;\n}\n.av-special-heading.av-m4r6gky7-8c9ecc19374fe843415c7ee1e49fd75f .special-heading-inner-border{\nborder-color:#ffffff;\n}\n.av-special-heading.av-m4r6gky7-8c9ecc19374fe843415c7ee1e49fd75f .av-subheading{\nfont-size:24px;\n}\n<\/style>\n<div  class='av-special-heading av-m4r6gky7-8c9ecc19374fe843415c7ee1e49fd75f av-special-heading-h4 custom-color-heading blockquote modern-quote  avia-builder-el-19  el_after_av_heading  avia-builder-el-last  av-linked-heading'><h4 class='av-special-heading-tag '  itemprop=\"headline\"  ><a class=\"av-heading-link\" href=\"https:\/\/centremedicmataro.com\/es\/cuadro-medico-detalle\/osteopatia-es\/896\/\" >Sra. Mendizabal, Yolanda<\/a><\/h4><div class=\"special-heading-border\"><div class=\"special-heading-inner-border\"><\/div><\/div><\/div><\/p><\/div>\n<\/div><\/div>\n<style type=\"text\/css\" data-created_by=\"avia_inline_auto\" id=\"style-css-av-2gmlc0-2576f580d7b9bf2e2601df9c4d1e49b4\">\n.flex_cell.av-2gmlc0-2576f580d7b9bf2e2601df9c4d1e49b4{\nvertical-align:middle;\nbackground-color:#c7a436;\n}\n<\/style>\n<div class='flex_cell av-2gmlc0-2576f580d7b9bf2e2601df9c4d1e49b4 av-gridrow-cell av_one_fourth no_margin  avia-builder-el-20  el_after_av_cell_one_fourth  el_before_av_cell_one_fourth  content-align-middle'  ><div class='flex_cell_inner'><div  class='flex_column av-2azq3c-38b943ec42e09629fe3f71e7efafd10b av_one_full  avia-builder-el-21  avia-builder-el-no-sibling  first flex_column_div  '     ><p>\n<style type=\"text\/css\" data-created_by=\"avia_inline_auto\" id=\"style-css-av-253lio-1cba21977dee7c29f6fd2fbe9568a96d\">\n.av_font_icon.av-253lio-1cba21977dee7c29f6fd2fbe9568a96d{\ncolor:#ffffff;\nborder-color:#ffffff;\n}\n.avia-svg-icon.av-253lio-1cba21977dee7c29f6fd2fbe9568a96d svg:first-child{\nstroke:#ffffff;\nfill:#ffffff;\n}\n.av_font_icon.av-253lio-1cba21977dee7c29f6fd2fbe9568a96d .av-icon-char{\nfont-size:60px;\nline-height:60px;\n}\n<\/style>\n<span  class='av_font_icon av-253lio-1cba21977dee7c29f6fd2fbe9568a96d avia_animate_when_visible av-icon-style- avia-icon-pos-center avia-iconfont avia-font-flaticon avia-icon-animate'><span class='av-icon-char' data-av_icon='\uf100' data-av_iconfont='flaticon' aria-hidden=\"true\" ><\/span><\/span><br \/>\n\n<style type=\"text\/css\" data-created_by=\"avia_inline_auto\" id=\"style-css-av-1xn90w-976f22e756e1142416e6dd8881588b60\">\n#top .hr.hr-invisible.av-1xn90w-976f22e756e1142416e6dd8881588b60{\nheight:30px;\n}\n<\/style>\n<div  class='hr av-1xn90w-976f22e756e1142416e6dd8881588b60 hr-invisible  avia-builder-el-23  el_after_av_font_icon  el_before_av_button '><span class='hr-inner '><span class=\"hr-inner-style\"><\/span><\/span><\/div><br \/>\n<div  class='avia-button-wrap av-1pursw-501ddfd52b90afdcbc8bdf6d7b60d32b-wrap avia-button-center  avia-builder-el-24  el_after_av_hr  avia-builder-el-last '>\n<style type=\"text\/css\" data-created_by=\"avia_inline_auto\" id=\"style-css-av-1pursw-501ddfd52b90afdcbc8bdf6d7b60d32b\">\n#top #wrap_all .avia-button.av-1pursw-501ddfd52b90afdcbc8bdf6d7b60d32b{\nbackground-color:#ffffff;\nborder-color:#ffffff;\ncolor:#c5a236;\ntransition:all 0.4s ease-in-out;\n}\n#top #wrap_all .avia-button.av-1pursw-501ddfd52b90afdcbc8bdf6d7b60d32b .avia-svg-icon svg:first-child{\nfill:#c5a236;\nstroke:#c5a236;\n}\n<\/style>\n<a href=''  class='avia-button av-1pursw-501ddfd52b90afdcbc8bdf6d7b60d32b av-link-btn avia-icon_select-no avia-size-large avia-position-center'   aria-label=\"CONSULTA EL CUADRO M\u00c9DICO\"><span class='avia_iconbox_title' >CONSULTA EL CUADRO M\u00c9DICO<\/span><\/a><\/div><\/p><\/div>\n<\/div><\/div>\n<style type=\"text\/css\" data-created_by=\"avia_inline_auto\" id=\"style-css-av-1ldi8w-c845d9625e20ce1323e0d9ab2cf8c4b6\">\n.flex_cell.av-1ldi8w-c845d9625e20ce1323e0d9ab2cf8c4b6{\nvertical-align:middle;\nbackground-color:#c7a436;\n}\n<\/style>\n<div class='flex_cell av-1ldi8w-c845d9625e20ce1323e0d9ab2cf8c4b6 av-gridrow-cell av_one_fourth no_margin  avia-builder-el-25  el_after_av_cell_one_fourth  avia-builder-el-last  content-align-middle'  ><div class='flex_cell_inner'><\/div><\/div><\/div>\n<style type=\"text\/css\" data-created_by=\"avia_inline_auto\" id=\"style-css-av-1eqcog-c9c99bc89da0c325ede10b558b31077c\">\n.avia-section.av-1eqcog-c9c99bc89da0c325ede10b558b31077c{\nbackground-color:#8bbfc6;\nbackground-image:url(https:\/\/centremedicmataro.com\/wp-content\/uploads\/2024\/12\/FotoMetgeEspecialitat-2-HospitalClinicMaresme-scaled-1.jpg);\nbackground-repeat:no-repeat;\nbackground-position:50% 50%;\nbackground-attachment:scroll;\n}\n<\/style>\n<div id='av_section_3'  class='avia-section av-1eqcog-c9c99bc89da0c325ede10b558b31077c main_color avia-section-default avia-no-border-styling  avia-builder-el-26  el_after_av_layout_row  avia-builder-el-last  avia-bg-style-scroll container_wrap fullsize'  data-section-bg-repeat='no-repeat'><div class='container av-section-cont-open' ><div class='template-page content  av-content-full alpha units'><div class='post-entry post-entry-type-page post-entry-443'><div class='entry-content-wrapper clearfix'>\n<div  class='flex_column av-17fsio-6b43008e0919c9df14b12bbbe7fe8485 av_three_fifth  avia-builder-el-27  el_before_av_two_fifth  avia-builder-el-first  first flex_column_div  '     ><\/div><div  class='flex_column av-11hnew-d4295b5c733c83f1afadea9ef7f3a791 av_two_fifth  avia-builder-el-28  el_after_av_three_fifth  avia-builder-el-last  flex_column_div  '     ><p>\n<style type=\"text\/css\" data-created_by=\"avia_inline_auto\" id=\"style-css-av-xu2j4-973ac2db05909a78455172f2b0d30200\">\n.av_font_icon.av-xu2j4-973ac2db05909a78455172f2b0d30200{\ncolor:#ffffff;\nborder-color:#ffffff;\n}\n.avia-svg-icon.av-xu2j4-973ac2db05909a78455172f2b0d30200 svg:first-child{\nstroke:#ffffff;\nfill:#ffffff;\n}\n.av_font_icon.av-xu2j4-973ac2db05909a78455172f2b0d30200 .av-icon-char{\nfont-size:60px;\nline-height:60px;\n}\n<\/style>\n<span  class='av_font_icon av-xu2j4-973ac2db05909a78455172f2b0d30200 avia_animate_when_visible av-icon-style- avia-icon-pos-center avia-iconfont avia-font-flaticon avia-icon-animate'><span class='av-icon-char' data-av_icon='\uf11b' data-av_iconfont='flaticon' aria-hidden=\"true\" ><\/span><\/span><br \/>\n\n<style type=\"text\/css\" data-created_by=\"avia_inline_auto\" id=\"style-css-av-2hkrc-b7467a3607519b8df9411c55aade0c8a\">\n#top .hr.hr-invisible.av-2hkrc-b7467a3607519b8df9411c55aade0c8a{\nheight:20px;\n}\n<\/style>\n<div  class='hr av-2hkrc-b7467a3607519b8df9411c55aade0c8a hr-invisible  avia-builder-el-30  el_after_av_font_icon  el_before_av_textblock '><span class='hr-inner '><span class=\"hr-inner-style\"><\/span><\/span><\/div><br \/>\n\n<style type=\"text\/css\" data-created_by=\"avia_inline_auto\" id=\"style-css-av-nakhs-d8023a83ee3649499ffdf38855ba0fd3\">\n#top .av_textblock_section.av-nakhs-d8023a83ee3649499ffdf38855ba0fd3 .avia_textblock{\ncolor:#ffffff;\n}\n<\/style>\n<section  class='av_textblock_section av-nakhs-d8023a83ee3649499ffdf38855ba0fd3 '   itemscope=\"itemscope\" itemtype=\"https:\/\/schema.org\/CreativeWork\" ><div class='avia_textblock av_inherit_color'  itemprop=\"text\" ><h2 style=\"text-align: center;\">Consulta nuestro cuadro m\u00e9dico<\/h2>\n<\/div><\/section><br \/>\n\n<style type=\"text\/css\" data-created_by=\"avia_inline_auto\" id=\"style-css-av-duuk0-56162892e061420f5721ec27d43220a4\">\n#top .hr.av-duuk0-56162892e061420f5721ec27d43220a4{\nmargin-top:-10px;\nmargin-bottom:10px;\n}\n.hr.av-duuk0-56162892e061420f5721ec27d43220a4 .hr-inner{\nwidth:50px;\nborder-color:#ffffff;\n}\n<\/style>\n<div  class='hr av-duuk0-56162892e061420f5721ec27d43220a4 hr-custom  avia-builder-el-32  el_after_av_textblock  el_before_av_button  hr-center hr-icon-no'><span class='hr-inner inner-border-av-border-thin'><span class=\"hr-inner-style\"><\/span><\/span><\/div><br \/>\n<div  class='avia-button-wrap av-7kq4g-c2d07ea7db0b6be6517def18cad8d04c-wrap avia-button-center  avia-builder-el-33  el_after_av_hr  avia-builder-el-last '>\n<style type=\"text\/css\" data-created_by=\"avia_inline_auto\" id=\"style-css-av-7kq4g-c2d07ea7db0b6be6517def18cad8d04c\">\n#top #wrap_all .avia-button.av-7kq4g-c2d07ea7db0b6be6517def18cad8d04c{\nbackground-color:#ffffff;\nborder-color:#ffffff;\ncolor:#444444;\ntransition:all 0.4s ease-in-out;\n}\n#top #wrap_all .avia-button.av-7kq4g-c2d07ea7db0b6be6517def18cad8d04c .avia-svg-icon svg:first-child{\nfill:#444444;\nstroke:#444444;\n}\n<\/style>\n<a href=''  class='avia-button av-7kq4g-c2d07ea7db0b6be6517def18cad8d04c av-link-btn avia-icon_select-no avia-size-x-large avia-position-center'   aria-label=\"CONSULTAR\"><span class='avia_iconbox_title' >CONSULTAR<\/span><\/a><\/div><\/p><\/div>\n<\/p>\n","protected":false},"excerpt":{"rendered":"","protected":false},"author":2,"featured_media":0,"parent":467,"menu_order":0,"comment_status":"closed","ping_status":"closed","template":"","meta":{"footnotes":""},"class_list":["post-443","page","type-page","status-publish","hentry"],"yoast_head":"<!-- This site is optimized with the Yoast SEO plugin v27.6 - https:\/\/yoast.com\/product\/yoast-seo-wordpress\/ -->\n<title>Osteopat\u00eda - Medic<\/title>\n<meta name=\"description\" content=\"Especialistas en osteopat\u00eda en Matar\u00f3. Tratamientos manuales para aliviar dolores musculares y articulares en Centre M\u00e8dic Matar\u00f3.\" \/>\n<meta name=\"robots\" content=\"index, follow, max-snippet:-1, max-image-preview:large, max-video-preview:-1\" \/>\n<link rel=\"canonical\" href=\"https:\/\/centremedicmataro.com\/es\/especialidades\/osteopatia\/\" \/>\n<meta property=\"og:locale\" content=\"es_ES\" \/>\n<meta property=\"og:type\" content=\"article\" \/>\n<meta property=\"og:title\" content=\"Osteopat\u00eda - Medic\" \/>\n<meta property=\"og:description\" content=\"Especialistas en osteopat\u00eda en Matar\u00f3. Tratamientos manuales para aliviar dolores musculares y articulares en Centre M\u00e8dic Matar\u00f3.\" \/>\n<meta property=\"og:url\" content=\"https:\/\/centremedicmataro.com\/es\/especialidades\/osteopatia\/\" \/>\n<meta property=\"og:site_name\" content=\"Medic\" \/>\n<meta property=\"article:modified_time\" content=\"2025-03-24T10:23:37+00:00\" \/>\n<meta name=\"twitter:card\" content=\"summary_large_image\" \/>\n<meta name=\"twitter:label1\" content=\"Tiempo de lectura\" \/>\n\t<meta name=\"twitter:data1\" content=\"1 minuto\" \/>\n<script type=\"application\/ld+json\" class=\"yoast-schema-graph\">{\"@context\":\"https:\\\/\\\/schema.org\",\"@graph\":[{\"@type\":\"WebPage\",\"@id\":\"https:\\\/\\\/centremedicmataro.com\\\/es\\\/especialidades\\\/osteopatia\\\/\",\"url\":\"https:\\\/\\\/centremedicmataro.com\\\/es\\\/especialidades\\\/osteopatia\\\/\",\"name\":\"Osteopat\u00eda - Medic\",\"isPartOf\":{\"@id\":\"https:\\\/\\\/centremedicmataro.com\\\/#website\"},\"datePublished\":\"2024-12-16T15:16:53+00:00\",\"dateModified\":\"2025-03-24T10:23:37+00:00\",\"description\":\"Especialistas en osteopat\u00eda en Matar\u00f3. Tratamientos manuales para aliviar dolores musculares y articulares en Centre M\u00e8dic Matar\u00f3.\",\"breadcrumb\":{\"@id\":\"https:\\\/\\\/centremedicmataro.com\\\/es\\\/especialidades\\\/osteopatia\\\/#breadcrumb\"},\"inLanguage\":\"es\",\"potentialAction\":[{\"@type\":\"ReadAction\",\"target\":[\"https:\\\/\\\/centremedicmataro.com\\\/es\\\/especialidades\\\/osteopatia\\\/\"]}]},{\"@type\":\"BreadcrumbList\",\"@id\":\"https:\\\/\\\/centremedicmataro.com\\\/es\\\/especialidades\\\/osteopatia\\\/#breadcrumb\",\"itemListElement\":[{\"@type\":\"ListItem\",\"position\":1,\"name\":\"Portada\",\"item\":\"https:\\\/\\\/centremedicmataro.com\\\/es\\\/home\\\/\"},{\"@type\":\"ListItem\",\"position\":2,\"name\":\"Especialidades\",\"item\":\"https:\\\/\\\/centremedicmataro.com\\\/es\\\/especialidades\\\/\"},{\"@type\":\"ListItem\",\"position\":3,\"name\":\"Osteopat\u00eda\"}]},{\"@type\":\"WebSite\",\"@id\":\"https:\\\/\\\/centremedicmataro.com\\\/#website\",\"url\":\"https:\\\/\\\/centremedicmataro.com\\\/\",\"name\":\"Medic\",\"description\":\"\",\"potentialAction\":[{\"@type\":\"SearchAction\",\"target\":{\"@type\":\"EntryPoint\",\"urlTemplate\":\"https:\\\/\\\/centremedicmataro.com\\\/?s={search_term_string}\"},\"query-input\":{\"@type\":\"PropertyValueSpecification\",\"valueRequired\":true,\"valueName\":\"search_term_string\"}}],\"inLanguage\":\"es\"}]}<\/script>\n<!-- \/ Yoast SEO plugin. -->","yoast_head_json":{"title":"Osteopat\u00eda - Medic","description":"Especialistas en osteopat\u00eda en Matar\u00f3. Tratamientos manuales para aliviar dolores musculares y articulares en Centre M\u00e8dic Matar\u00f3.","robots":{"index":"index","follow":"follow","max-snippet":"max-snippet:-1","max-image-preview":"max-image-preview:large","max-video-preview":"max-video-preview:-1"},"canonical":"https:\/\/centremedicmataro.com\/es\/especialidades\/osteopatia\/","og_locale":"es_ES","og_type":"article","og_title":"Osteopat\u00eda - Medic","og_description":"Especialistas en osteopat\u00eda en Matar\u00f3. Tratamientos manuales para aliviar dolores musculares y articulares en Centre M\u00e8dic Matar\u00f3.","og_url":"https:\/\/centremedicmataro.com\/es\/especialidades\/osteopatia\/","og_site_name":"Medic","article_modified_time":"2025-03-24T10:23:37+00:00","twitter_card":"summary_large_image","twitter_misc":{"Tiempo de lectura":"1 minuto"},"schema":{"@context":"https:\/\/schema.org","@graph":[{"@type":"WebPage","@id":"https:\/\/centremedicmataro.com\/es\/especialidades\/osteopatia\/","url":"https:\/\/centremedicmataro.com\/es\/especialidades\/osteopatia\/","name":"Osteopat\u00eda - Medic","isPartOf":{"@id":"https:\/\/centremedicmataro.com\/#website"},"datePublished":"2024-12-16T15:16:53+00:00","dateModified":"2025-03-24T10:23:37+00:00","description":"Especialistas en osteopat\u00eda en Matar\u00f3. Tratamientos manuales para aliviar dolores musculares y articulares en Centre M\u00e8dic Matar\u00f3.","breadcrumb":{"@id":"https:\/\/centremedicmataro.com\/es\/especialidades\/osteopatia\/#breadcrumb"},"inLanguage":"es","potentialAction":[{"@type":"ReadAction","target":["https:\/\/centremedicmataro.com\/es\/especialidades\/osteopatia\/"]}]},{"@type":"BreadcrumbList","@id":"https:\/\/centremedicmataro.com\/es\/especialidades\/osteopatia\/#breadcrumb","itemListElement":[{"@type":"ListItem","position":1,"name":"Portada","item":"https:\/\/centremedicmataro.com\/es\/home\/"},{"@type":"ListItem","position":2,"name":"Especialidades","item":"https:\/\/centremedicmataro.com\/es\/especialidades\/"},{"@type":"ListItem","position":3,"name":"Osteopat\u00eda"}]},{"@type":"WebSite","@id":"https:\/\/centremedicmataro.com\/#website","url":"https:\/\/centremedicmataro.com\/","name":"Medic","description":"","potentialAction":[{"@type":"SearchAction","target":{"@type":"EntryPoint","urlTemplate":"https:\/\/centremedicmataro.com\/?s={search_term_string}"},"query-input":{"@type":"PropertyValueSpecification","valueRequired":true,"valueName":"search_term_string"}}],"inLanguage":"es"}]}},"_links":{"self":[{"href":"https:\/\/centremedicmataro.com\/es\/wp-json\/wp\/v2\/pages\/443","targetHints":{"allow":["GET"]}}],"collection":[{"href":"https:\/\/centremedicmataro.com\/es\/wp-json\/wp\/v2\/pages"}],"about":[{"href":"https:\/\/centremedicmataro.com\/es\/wp-json\/wp\/v2\/types\/page"}],"author":[{"embeddable":true,"href":"https:\/\/centremedicmataro.com\/es\/wp-json\/wp\/v2\/users\/2"}],"replies":[{"embeddable":true,"href":"https:\/\/centremedicmataro.com\/es\/wp-json\/wp\/v2\/comments?post=443"}],"version-history":[{"count":0,"href":"https:\/\/centremedicmataro.com\/es\/wp-json\/wp\/v2\/pages\/443\/revisions"}],"up":[{"embeddable":true,"href":"https:\/\/centremedicmataro.com\/es\/wp-json\/wp\/v2\/pages\/467"}],"wp:attachment":[{"href":"https:\/\/centremedicmataro.com\/es\/wp-json\/wp\/v2\/media?parent=443"}],"curies":[{"name":"wp","href":"https:\/\/api.w.org\/{rel}","templated":true}]}}