{"id":445,"date":"2024-12-16T12:34:46","date_gmt":"2024-12-16T12:34:46","guid":{"rendered":"https:\/\/centremedicmataro.com\/homeopatia\/"},"modified":"2025-03-24T10:21:50","modified_gmt":"2025-03-24T10:21:50","slug":"homeopatia","status":"publish","type":"page","link":"https:\/\/centremedicmataro.com\/es\/especialidades\/homeopatia\/","title":{"rendered":"Homeopat\u00eda"},"content":{"rendered":"<div id='av_section_1'  class='avia-section av-h2s5i-f3f0c07bc1da63b74baefbaf1532f769 main_color avia-section-default avia-no-border-styling  avia-builder-el-0  el_before_av_section  avia-builder-el-first  av-small-hide av-mini-hide avia-bg-style-scroll container_wrap fullsize'  ><div class='container av-section-cont-open' ><main  role=\"main\" itemprop=\"mainContentOfPage\"  class='template-page content  av-content-full alpha units'><div class='post-entry post-entry-type-page post-entry-445'><div class='entry-content-wrapper clearfix'>\n<div  class='flex_column av-gbmj2-6c2c89f598b4c0db33439ee23e28d2c1 av_four_fifth  avia-builder-el-1  el_before_av_one_fifth  avia-builder-el-first  first flex_column_div  '     ><section  class='av_textblock_section av-m4r0n4aa-6a51a8ede79dace5ef2f44a799391868 '   itemscope=\"itemscope\" itemtype=\"https:\/\/schema.org\/CreativeWork\" ><div class='avia_textblock'  itemprop=\"text\" ><h4 style=\"font-weight: 300;\">ESPECIALIDADES M\u00c9DICAS \/ <strong>HOMEOPAT\u00cdA<\/strong><\/h4>\n<\/div><\/section><\/div><div  class='flex_column av-4bumgm-2f622175e5a2c6867fcf76651b8b2cd0 av_one_fifth  avia-builder-el-3  el_after_av_four_fifth  el_before_av_one_full  flex_column_div  '     ><style type=\"text\/css\" data-created_by=\"avia_inline_auto\" id=\"style-css-av-48pti6-6e17fcb22d06133855474d6dcfb4a3f4\">\n.av_font_icon.av-48pti6-6e17fcb22d06133855474d6dcfb4a3f4{\ncolor:#c4a135;\nborder-color:#c4a135;\n}\n.avia-svg-icon.av-48pti6-6e17fcb22d06133855474d6dcfb4a3f4 svg:first-child{\nstroke:#c4a135;\nfill:#c4a135;\n}\n.av_font_icon.av-48pti6-6e17fcb22d06133855474d6dcfb4a3f4 .av-icon-char{\nfont-size:30px;\nline-height:30px;\n}\n<\/style>\n<span  class='av_font_icon av-48pti6-6e17fcb22d06133855474d6dcfb4a3f4 avia_animate_when_visible av-icon-style- avia-icon-pos-left avia-iconfont avia-font-flaticon avia-icon-animate'><span class='av-icon-char' data-av_icon='\uf110' data-av_iconfont='flaticon' aria-hidden=\"true\" ><\/span><\/span><\/div><div  class='flex_column av-3zzh5a-f735d757897d3e37a5dd6961666cd869 av_one_full  avia-builder-el-5  el_after_av_one_fifth  avia-builder-el-last  first flex_column_div  column-top-margin'     ><style type=\"text\/css\" data-created_by=\"avia_inline_auto\" id=\"style-css-av-m4r0oeu2-465b8e7980c9d03ca1fcfc45f5265814\">\n.avia-image-container.av-m4r0oeu2-465b8e7980c9d03ca1fcfc45f5265814 img.avia_image{\nbox-shadow:none;\n}\n.avia-image-container.av-m4r0oeu2-465b8e7980c9d03ca1fcfc45f5265814 .av-image-caption-overlay-center{\ncolor:#ffffff;\n}\n<\/style>\n<div  class='avia-image-container av-m4r0oeu2-465b8e7980c9d03ca1fcfc45f5265814 av-styling- avia-align-center  avia-builder-el-6  avia-builder-el-no-sibling '   itemprop=\"image\" itemscope=\"itemscope\" itemtype=\"https:\/\/schema.org\/ImageObject\" ><div class=\"avia-image-container-inner\"><div class=\"avia-image-overlay-wrap\"><img decoding=\"async\" fetchpriority=\"high\" class='wp-image-272 avia-img-lazy-loading-not-272 avia_image ' src=\"https:\/\/centremedicmataro.com\/wp-content\/uploads\/2024\/12\/Slider-homeopatiaCentreMedic-HCM.png\" alt='' title='Slider-homeopatiaCentreMe\u0300dic-HCM'  height=\"430\" width=\"1500\"  itemprop=\"thumbnailUrl\" srcset=\"https:\/\/centremedicmataro.com\/wp-content\/uploads\/2024\/12\/Slider-homeopatiaCentreMedic-HCM.png 1500w, https:\/\/centremedicmataro.com\/wp-content\/uploads\/2024\/12\/Slider-homeopatiaCentreMedic-HCM-300x86.png 300w, https:\/\/centremedicmataro.com\/wp-content\/uploads\/2024\/12\/Slider-homeopatiaCentreMedic-HCM-1024x294.png 1024w, https:\/\/centremedicmataro.com\/wp-content\/uploads\/2024\/12\/Slider-homeopatiaCentreMedic-HCM-768x220.png 768w, https:\/\/centremedicmataro.com\/wp-content\/uploads\/2024\/12\/Slider-homeopatiaCentreMedic-HCM-705x202.png 705w, https:\/\/centremedicmataro.com\/wp-content\/uploads\/2024\/12\/Slider-homeopatiaCentreMedic-HCM-240x69.png 240w\" sizes=\"(max-width: 1500px) 100vw, 1500px\" \/><\/div><\/div><\/div><\/div>\n\n<\/div><\/div><\/main><!-- close content main element --><\/div><\/div><div id='av_section_2'  class='avia-section av-3twqx2-d309621104c7ba2cf5e870b8a2ade505 main_color avia-section-default avia-no-border-styling  avia-builder-el-7  el_after_av_section  el_before_av_layout_row  av-desktop-hide av-medium-hide avia-bg-style-scroll container_wrap fullsize'  ><div class='container av-section-cont-open' ><div class='template-page content  av-content-full alpha units'><div class='post-entry post-entry-type-page post-entry-445'><div class='entry-content-wrapper clearfix'>\n<div  class='flex_column av-3s6ocm-6c99840f1fd1c12f8a8fd2b6aca8327f av_one_fifth  avia-builder-el-8  el_before_av_four_fifth  avia-builder-el-first  first flex_column_div  '     ><style type=\"text\/css\" data-created_by=\"avia_inline_auto\" id=\"style-css-av-3jz026-f39eb4c92d865080832a7b0153e3823d\">\n.av_font_icon.av-3jz026-f39eb4c92d865080832a7b0153e3823d{\ncolor:#c4a135;\nborder-color:#c4a135;\n}\n.avia-svg-icon.av-3jz026-f39eb4c92d865080832a7b0153e3823d svg:first-child{\nstroke:#c4a135;\nfill:#c4a135;\n}\n.av_font_icon.av-3jz026-f39eb4c92d865080832a7b0153e3823d .av-icon-char{\nfont-size:30px;\nline-height:30px;\n}\n<\/style>\n<span  class='av_font_icon av-3jz026-f39eb4c92d865080832a7b0153e3823d avia_animate_when_visible av-icon-style- avia-icon-pos-left avia-iconfont avia-font-flaticon avia-icon-animate'><span class='av-icon-char' data-av_icon='\uf110' data-av_iconfont='flaticon' aria-hidden=\"true\" ><\/span><\/span><\/div><div  class='flex_column av-3geefi-20f71f1b7ab88cc1a3e6096194a9ae71 av_four_fifth  avia-builder-el-10  el_after_av_one_fifth  el_before_av_one_full  flex_column_div  '     ><section  class='av_textblock_section av-m4r0nas3-53e357e7ce1091999b073f2a7bd6c904 '   itemscope=\"itemscope\" itemtype=\"https:\/\/schema.org\/CreativeWork\" ><div class='avia_textblock'  itemprop=\"text\" ><h4 style=\"font-weight: 300;\">ESPECIALIDADES M\u00c9DICAS \/ <strong>HOMEOPAT\u00cdA<\/strong><\/h4>\n<\/div><\/section><\/div><div  class='flex_column av-37uscu-d48a200c41accefec61111d5e2cb0969 av_one_full  avia-builder-el-12  el_after_av_four_fifth  avia-builder-el-last  first flex_column_div  '     ><style type=\"text\/css\" data-created_by=\"avia_inline_auto\" id=\"style-css-av-m4r0oq0k-33d2c1e0847179c1a125927b3ceadc19\">\n.avia-image-container.av-m4r0oq0k-33d2c1e0847179c1a125927b3ceadc19 img.avia_image{\nbox-shadow:none;\n}\n.avia-image-container.av-m4r0oq0k-33d2c1e0847179c1a125927b3ceadc19 .av-image-caption-overlay-center{\ncolor:#ffffff;\n}\n<\/style>\n<div  class='avia-image-container av-m4r0oq0k-33d2c1e0847179c1a125927b3ceadc19 av-styling- avia-align-center  avia-builder-el-13  avia-builder-el-no-sibling '   itemprop=\"image\" itemscope=\"itemscope\" itemtype=\"https:\/\/schema.org\/ImageObject\" ><div class=\"avia-image-container-inner\"><div class=\"avia-image-overlay-wrap\"><img decoding=\"async\" fetchpriority=\"high\" class='wp-image-274 avia-img-lazy-loading-not-274 avia_image ' src=\"https:\/\/centremedicmataro.com\/wp-content\/uploads\/2024\/12\/SliderMvl-HomeopatiaCentreMedic-HCM.png\" alt='' title='SliderMvl-HomeopatiaCentreMe\u0300dic-HCM'  height=\"500\" width=\"600\"  itemprop=\"thumbnailUrl\" srcset=\"https:\/\/centremedicmataro.com\/wp-content\/uploads\/2024\/12\/SliderMvl-HomeopatiaCentreMedic-HCM.png 600w, https:\/\/centremedicmataro.com\/wp-content\/uploads\/2024\/12\/SliderMvl-HomeopatiaCentreMedic-HCM-300x250.png 300w, https:\/\/centremedicmataro.com\/wp-content\/uploads\/2024\/12\/SliderMvl-HomeopatiaCentreMedic-HCM-216x180.png 216w\" sizes=\"(max-width: 600px) 100vw, 600px\" \/><\/div><\/div><\/div><\/div>\n\n<\/div><\/div><\/div><!-- close content main div --><\/div><\/div><div id='av-layout-grid-1'  class='av-layout-grid-container av-32x62e-9dfd93a5a536cfbb8618f9a464eed04b entry-content-wrapper main_color av-flex-cells  avia-builder-el-14  el_after_av_section  el_before_av_section  grid-row-not-first  container_wrap fullsize'  >\n\n<style type=\"text\/css\" data-created_by=\"avia_inline_auto\" id=\"style-css-av-aljjq-daef6fcb376d42d3ac7cccb6b4ec6c18\">\n.flex_cell.av-aljjq-daef6fcb376d42d3ac7cccb6b4ec6c18{\nvertical-align:middle;\nbackground-color:#c7a436;\n}\n<\/style>\n<div class='flex_cell av-aljjq-daef6fcb376d42d3ac7cccb6b4ec6c18 av-gridrow-cell av_one_fourth no_margin  avia-builder-el-15  el_before_av_cell_one_fourth  avia-builder-el-first  content-align-middle'  ><div class='flex_cell_inner'><\/div><\/div>\n<style type=\"text\/css\" data-created_by=\"avia_inline_auto\" id=\"style-css-av-2spowe-f5d2c44dab6fa7d4717d97eb6a4dfd88\">\n.flex_cell.av-2spowe-f5d2c44dab6fa7d4717d97eb6a4dfd88{\nvertical-align:middle;\nbackground-color:#c7a436;\n}\n<\/style>\n<div class='flex_cell av-2spowe-f5d2c44dab6fa7d4717d97eb6a4dfd88 av-gridrow-cell av_one_fourth no_margin  avia-builder-el-16  el_after_av_cell_one_fourth  el_before_av_cell_one_fourth  content-align-middle'  ><div class='flex_cell_inner'><div  class='flex_column av-2iu046-2e43b3700419e9d1bdc2943e1e938d8e av_one_full  avia-builder-el-17  avia-builder-el-no-sibling  first flex_column_div  '     ><style type=\"text\/css\" data-created_by=\"avia_inline_auto\" id=\"style-css-av-m4r0nn94-01ed5af395d6f86dad901f65c7ece91b\">\n#top .av-special-heading.av-m4r0nn94-01ed5af395d6f86dad901f65c7ece91b{\nmargin:0 0 0 0;\npadding-bottom:0;\ncolor:#ffffff;\n}\nbody .av-special-heading.av-m4r0nn94-01ed5af395d6f86dad901f65c7ece91b .av-special-heading-tag .heading-char{\nfont-size:25px;\n}\n.av-special-heading.av-m4r0nn94-01ed5af395d6f86dad901f65c7ece91b .special-heading-inner-border{\nborder-color:#ffffff;\n}\n.av-special-heading.av-m4r0nn94-01ed5af395d6f86dad901f65c7ece91b .av-subheading{\nfont-size:24px;\n}\n<\/style>\n<div  class='av-special-heading av-m4r0nn94-01ed5af395d6f86dad901f65c7ece91b av-special-heading-h4 custom-color-heading blockquote modern-quote  avia-builder-el-18  avia-builder-el-no-sibling  av-linked-heading'><div class='av_custom_color av-subheading av-subheading_above'><p style=\"color: #ffffff;\">HOMEOPAT\u00cdA<\/p>\n<\/div><h4 class='av-special-heading-tag '  itemprop=\"headline\"  ><a class=\"av-heading-link\" href=\"https:\/\/centremedicmataro.com\/es\/cuadro-medico-detalle\/homeopatia-es\/907\/\" >Dra. Borr\u00e1s, Ariadna<\/a><\/h4><div class=\"special-heading-border\"><div class=\"special-heading-inner-border\"><\/div><\/div><\/div><\/div>\n<\/div><\/div>\n<style type=\"text\/css\" data-created_by=\"avia_inline_auto\" id=\"style-css-av-2dtbhi-41f0eb7b5a18af1ff5e6fa4074f2f416\">\n.flex_cell.av-2dtbhi-41f0eb7b5a18af1ff5e6fa4074f2f416{\nvertical-align:middle;\nbackground-color:#c7a436;\n}\n<\/style>\n<div class='flex_cell av-2dtbhi-41f0eb7b5a18af1ff5e6fa4074f2f416 av-gridrow-cell av_one_fourth no_margin  avia-builder-el-19  el_after_av_cell_one_fourth  el_before_av_cell_one_fourth  content-align-middle'  ><div class='flex_cell_inner'><div  class='flex_column av-27yxeu-fce10f791bd74b2bba0fdeb9fd743148 av_one_full  avia-builder-el-20  avia-builder-el-no-sibling  first flex_column_div  '     ><p>\n<style type=\"text\/css\" data-created_by=\"avia_inline_auto\" id=\"style-css-av-20h8b2-acc1c8650a9fd712b02ebb12353ba80d\">\n.av_font_icon.av-20h8b2-acc1c8650a9fd712b02ebb12353ba80d{\ncolor:#ffffff;\nborder-color:#ffffff;\n}\n.avia-svg-icon.av-20h8b2-acc1c8650a9fd712b02ebb12353ba80d svg:first-child{\nstroke:#ffffff;\nfill:#ffffff;\n}\n.av_font_icon.av-20h8b2-acc1c8650a9fd712b02ebb12353ba80d .av-icon-char{\nfont-size:60px;\nline-height:60px;\n}\n<\/style>\n<span  class='av_font_icon av-20h8b2-acc1c8650a9fd712b02ebb12353ba80d avia_animate_when_visible av-icon-style- avia-icon-pos-center avia-iconfont avia-font-flaticon avia-icon-animate'><span class='av-icon-char' data-av_icon='\uf100' data-av_iconfont='flaticon' aria-hidden=\"true\" ><\/span><\/span><br \/>\n\n<style type=\"text\/css\" data-created_by=\"avia_inline_auto\" id=\"style-css-av-1x5hcm-9fd19a399ac7a41db1c63ee45296e77a\">\n#top .hr.hr-invisible.av-1x5hcm-9fd19a399ac7a41db1c63ee45296e77a{\nheight:30px;\n}\n<\/style>\n<div  class='hr av-1x5hcm-9fd19a399ac7a41db1c63ee45296e77a hr-invisible  avia-builder-el-22  el_after_av_font_icon  el_before_av_button '><span class='hr-inner '><span class=\"hr-inner-style\"><\/span><\/span><\/div><br \/>\n<div  class='avia-button-wrap av-1tgvfi-cff577017416a945384e88ea59e34893-wrap avia-button-center  avia-builder-el-23  el_after_av_hr  avia-builder-el-last '>\n<style type=\"text\/css\" data-created_by=\"avia_inline_auto\" id=\"style-css-av-1tgvfi-cff577017416a945384e88ea59e34893\">\n#top #wrap_all .avia-button.av-1tgvfi-cff577017416a945384e88ea59e34893{\nbackground-color:#ffffff;\nborder-color:#ffffff;\ncolor:#c5a236;\ntransition:all 0.4s ease-in-out;\n}\n#top #wrap_all .avia-button.av-1tgvfi-cff577017416a945384e88ea59e34893 .avia-svg-icon svg:first-child{\nfill:#c5a236;\nstroke:#c5a236;\n}\n<\/style>\n<a href=''  class='avia-button av-1tgvfi-cff577017416a945384e88ea59e34893 av-link-btn avia-icon_select-no avia-size-large avia-position-center'   aria-label=\"CONSULTA EL CUADRO M\u00c9DICO\"><span class='avia_iconbox_title' >CONSULTA EL CUADRO M\u00c9DICO<\/span><\/a><\/div><\/p><\/div>\n<\/div><\/div>\n<style type=\"text\/css\" data-created_by=\"avia_inline_auto\" id=\"style-css-av-1isrhy-9cafaa81065f7805c4501b56cff4363d\">\n.flex_cell.av-1isrhy-9cafaa81065f7805c4501b56cff4363d{\nvertical-align:middle;\nbackground-color:#c7a436;\n}\n<\/style>\n<div class='flex_cell av-1isrhy-9cafaa81065f7805c4501b56cff4363d av-gridrow-cell av_one_fourth no_margin  avia-builder-el-24  el_after_av_cell_one_fourth  avia-builder-el-last  content-align-middle'  ><div class='flex_cell_inner'><\/div><\/div><\/div>\n<style type=\"text\/css\" data-created_by=\"avia_inline_auto\" id=\"style-css-av-1hfm7i-c7bf198f0b6784042593b6929d7ad0a6\">\n.avia-section.av-1hfm7i-c7bf198f0b6784042593b6929d7ad0a6{\nbackground-color:#8bbfc6;\nbackground-image:url(https:\/\/centremedicmataro.com\/wp-content\/uploads\/2024\/12\/FotoMetgeEspecialitat-2-HospitalClinicMaresme-scaled-1.jpg);\nbackground-repeat:no-repeat;\nbackground-position:50% 50%;\nbackground-attachment:scroll;\n}\n<\/style>\n<div id='av_section_3'  class='avia-section av-1hfm7i-c7bf198f0b6784042593b6929d7ad0a6 main_color avia-section-default avia-no-border-styling  avia-builder-el-25  el_after_av_layout_row  avia-builder-el-last  avia-bg-style-scroll container_wrap fullsize'  data-section-bg-repeat='no-repeat'><div class='container av-section-cont-open' ><div class='template-page content  av-content-full alpha units'><div class='post-entry post-entry-type-page post-entry-445'><div class='entry-content-wrapper clearfix'>\n<div  class='flex_column av-18r4za-a7de1238208909b41bea2f32acfa81a2 av_three_fifth  avia-builder-el-26  el_before_av_two_fifth  avia-builder-el-first  first flex_column_div  '     ><\/div><div  class='flex_column av-3w2na-403622beae6de78620f2ce5704cb07b3 av_two_fifth  avia-builder-el-27  el_after_av_three_fifth  avia-builder-el-last  flex_column_div  '     ><p>\n<style type=\"text\/css\" data-created_by=\"avia_inline_auto\" id=\"style-css-av-yhe0u-1c7f122799dd19688cb7621f7dc7c450\">\n.av_font_icon.av-yhe0u-1c7f122799dd19688cb7621f7dc7c450{\ncolor:#ffffff;\nborder-color:#ffffff;\n}\n.avia-svg-icon.av-yhe0u-1c7f122799dd19688cb7621f7dc7c450 svg:first-child{\nstroke:#ffffff;\nfill:#ffffff;\n}\n.av_font_icon.av-yhe0u-1c7f122799dd19688cb7621f7dc7c450 .av-icon-char{\nfont-size:60px;\nline-height:60px;\n}\n<\/style>\n<span  class='av_font_icon av-yhe0u-1c7f122799dd19688cb7621f7dc7c450 avia_animate_when_visible av-icon-style- avia-icon-pos-center avia-iconfont avia-font-flaticon avia-icon-animate'><span class='av-icon-char' data-av_icon='\uf11b' data-av_iconfont='flaticon' aria-hidden=\"true\" ><\/span><\/span><br \/>\n\n<style type=\"text\/css\" data-created_by=\"avia_inline_auto\" id=\"style-css-av-t270m-66d4afded90e134a5b71defe801df747\">\n#top .hr.hr-invisible.av-t270m-66d4afded90e134a5b71defe801df747{\nheight:20px;\n}\n<\/style>\n<div  class='hr av-t270m-66d4afded90e134a5b71defe801df747 hr-invisible  avia-builder-el-29  el_after_av_font_icon  el_before_av_textblock '><span class='hr-inner '><span class=\"hr-inner-style\"><\/span><\/span><\/div><br \/>\n\n<style type=\"text\/css\" data-created_by=\"avia_inline_auto\" id=\"style-css-av-mve6m-c816751b815b2822b4896b2ba7d6f7a7\">\n#top .av_textblock_section.av-mve6m-c816751b815b2822b4896b2ba7d6f7a7 .avia_textblock{\ncolor:#ffffff;\n}\n<\/style>\n<section  class='av_textblock_section av-mve6m-c816751b815b2822b4896b2ba7d6f7a7 '   itemscope=\"itemscope\" itemtype=\"https:\/\/schema.org\/CreativeWork\" ><div class='avia_textblock av_inherit_color'  itemprop=\"text\" ><h2 style=\"text-align: center;\">Consulta nuestro cuadro m\u00e9dico<\/h2>\n<\/div><\/section><br \/>\n\n<style type=\"text\/css\" data-created_by=\"avia_inline_auto\" id=\"style-css-av-fwu4e-b7c6d18b626fcc572360c11f27e1c35c\">\n#top .hr.av-fwu4e-b7c6d18b626fcc572360c11f27e1c35c{\nmargin-top:-10px;\nmargin-bottom:10px;\n}\n.hr.av-fwu4e-b7c6d18b626fcc572360c11f27e1c35c .hr-inner{\nwidth:50px;\nborder-color:#ffffff;\n}\n<\/style>\n<div  class='hr av-fwu4e-b7c6d18b626fcc572360c11f27e1c35c hr-custom  avia-builder-el-31  el_after_av_textblock  el_before_av_button  hr-center hr-icon-no'><span class='hr-inner inner-border-av-border-thin'><span class=\"hr-inner-style\"><\/span><\/span><\/div><br \/>\n<div  class='avia-button-wrap av-9w0ke-522b4839c7a5a7fd769be69f0eb4b607-wrap avia-button-center  avia-builder-el-32  el_after_av_hr  avia-builder-el-last '>\n<style type=\"text\/css\" data-created_by=\"avia_inline_auto\" id=\"style-css-av-9w0ke-522b4839c7a5a7fd769be69f0eb4b607\">\n#top #wrap_all .avia-button.av-9w0ke-522b4839c7a5a7fd769be69f0eb4b607{\nbackground-color:#ffffff;\nborder-color:#ffffff;\ncolor:#444444;\ntransition:all 0.4s ease-in-out;\n}\n#top #wrap_all .avia-button.av-9w0ke-522b4839c7a5a7fd769be69f0eb4b607 .avia-svg-icon svg:first-child{\nfill:#444444;\nstroke:#444444;\n}\n<\/style>\n<a href=''  class='avia-button av-9w0ke-522b4839c7a5a7fd769be69f0eb4b607 av-link-btn avia-icon_select-no avia-size-x-large avia-position-center'   aria-label=\"CONSULTAR\"><span class='avia_iconbox_title' >CONSULTAR<\/span><\/a><\/div><\/p><\/div>\n<\/p>\n","protected":false},"excerpt":{"rendered":"","protected":false},"author":2,"featured_media":0,"parent":467,"menu_order":0,"comment_status":"closed","ping_status":"closed","template":"","meta":{"footnotes":""},"class_list":["post-445","page","type-page","status-publish","hentry"],"yoast_head":"<!-- This site is optimized with the Yoast SEO plugin v27.6 - https:\/\/yoast.com\/product\/yoast-seo-wordpress\/ -->\n<title>Homeopat\u00eda - Medic<\/title>\n<meta name=\"description\" content=\"Especialistas en homeopat\u00eda en Matar\u00f3. Tratamientos naturales y personalizados para mejorar tu salud en Centre M\u00e8dic Matar\u00f3.\" \/>\n<meta name=\"robots\" content=\"index, follow, max-snippet:-1, max-image-preview:large, max-video-preview:-1\" \/>\n<link rel=\"canonical\" href=\"https:\/\/centremedicmataro.com\/es\/especialidades\/homeopatia\/\" \/>\n<meta property=\"og:locale\" content=\"es_ES\" \/>\n<meta property=\"og:type\" content=\"article\" \/>\n<meta property=\"og:title\" content=\"Homeopat\u00eda - Medic\" \/>\n<meta property=\"og:description\" content=\"Especialistas en homeopat\u00eda en Matar\u00f3. Tratamientos naturales y personalizados para mejorar tu salud en Centre M\u00e8dic Matar\u00f3.\" \/>\n<meta property=\"og:url\" content=\"https:\/\/centremedicmataro.com\/es\/especialidades\/homeopatia\/\" \/>\n<meta property=\"og:site_name\" content=\"Medic\" \/>\n<meta property=\"article:modified_time\" content=\"2025-03-24T10:21:50+00:00\" \/>\n<meta name=\"twitter:card\" content=\"summary_large_image\" \/>\n<meta name=\"twitter:label1\" content=\"Tiempo de lectura\" \/>\n\t<meta name=\"twitter:data1\" content=\"1 minuto\" \/>\n<script type=\"application\/ld+json\" class=\"yoast-schema-graph\">{\"@context\":\"https:\\\/\\\/schema.org\",\"@graph\":[{\"@type\":\"WebPage\",\"@id\":\"https:\\\/\\\/centremedicmataro.com\\\/es\\\/especialidades\\\/homeopatia\\\/\",\"url\":\"https:\\\/\\\/centremedicmataro.com\\\/es\\\/especialidades\\\/homeopatia\\\/\",\"name\":\"Homeopat\u00eda - Medic\",\"isPartOf\":{\"@id\":\"https:\\\/\\\/centremedicmataro.com\\\/#website\"},\"datePublished\":\"2024-12-16T12:34:46+00:00\",\"dateModified\":\"2025-03-24T10:21:50+00:00\",\"description\":\"Especialistas en homeopat\u00eda en Matar\u00f3. Tratamientos naturales y personalizados para mejorar tu salud en Centre M\u00e8dic Matar\u00f3.\",\"breadcrumb\":{\"@id\":\"https:\\\/\\\/centremedicmataro.com\\\/es\\\/especialidades\\\/homeopatia\\\/#breadcrumb\"},\"inLanguage\":\"es\",\"potentialAction\":[{\"@type\":\"ReadAction\",\"target\":[\"https:\\\/\\\/centremedicmataro.com\\\/es\\\/especialidades\\\/homeopatia\\\/\"]}]},{\"@type\":\"BreadcrumbList\",\"@id\":\"https:\\\/\\\/centremedicmataro.com\\\/es\\\/especialidades\\\/homeopatia\\\/#breadcrumb\",\"itemListElement\":[{\"@type\":\"ListItem\",\"position\":1,\"name\":\"Portada\",\"item\":\"https:\\\/\\\/centremedicmataro.com\\\/es\\\/home\\\/\"},{\"@type\":\"ListItem\",\"position\":2,\"name\":\"Especialidades\",\"item\":\"https:\\\/\\\/centremedicmataro.com\\\/es\\\/especialidades\\\/\"},{\"@type\":\"ListItem\",\"position\":3,\"name\":\"Homeopat\u00eda\"}]},{\"@type\":\"WebSite\",\"@id\":\"https:\\\/\\\/centremedicmataro.com\\\/#website\",\"url\":\"https:\\\/\\\/centremedicmataro.com\\\/\",\"name\":\"Medic\",\"description\":\"\",\"potentialAction\":[{\"@type\":\"SearchAction\",\"target\":{\"@type\":\"EntryPoint\",\"urlTemplate\":\"https:\\\/\\\/centremedicmataro.com\\\/?s={search_term_string}\"},\"query-input\":{\"@type\":\"PropertyValueSpecification\",\"valueRequired\":true,\"valueName\":\"search_term_string\"}}],\"inLanguage\":\"es\"}]}<\/script>\n<!-- \/ Yoast SEO plugin. -->","yoast_head_json":{"title":"Homeopat\u00eda - Medic","description":"Especialistas en homeopat\u00eda en Matar\u00f3. Tratamientos naturales y personalizados para mejorar tu salud en Centre M\u00e8dic Matar\u00f3.","robots":{"index":"index","follow":"follow","max-snippet":"max-snippet:-1","max-image-preview":"max-image-preview:large","max-video-preview":"max-video-preview:-1"},"canonical":"https:\/\/centremedicmataro.com\/es\/especialidades\/homeopatia\/","og_locale":"es_ES","og_type":"article","og_title":"Homeopat\u00eda - Medic","og_description":"Especialistas en homeopat\u00eda en Matar\u00f3. Tratamientos naturales y personalizados para mejorar tu salud en Centre M\u00e8dic Matar\u00f3.","og_url":"https:\/\/centremedicmataro.com\/es\/especialidades\/homeopatia\/","og_site_name":"Medic","article_modified_time":"2025-03-24T10:21:50+00:00","twitter_card":"summary_large_image","twitter_misc":{"Tiempo de lectura":"1 minuto"},"schema":{"@context":"https:\/\/schema.org","@graph":[{"@type":"WebPage","@id":"https:\/\/centremedicmataro.com\/es\/especialidades\/homeopatia\/","url":"https:\/\/centremedicmataro.com\/es\/especialidades\/homeopatia\/","name":"Homeopat\u00eda - Medic","isPartOf":{"@id":"https:\/\/centremedicmataro.com\/#website"},"datePublished":"2024-12-16T12:34:46+00:00","dateModified":"2025-03-24T10:21:50+00:00","description":"Especialistas en homeopat\u00eda en Matar\u00f3. Tratamientos naturales y personalizados para mejorar tu salud en Centre M\u00e8dic Matar\u00f3.","breadcrumb":{"@id":"https:\/\/centremedicmataro.com\/es\/especialidades\/homeopatia\/#breadcrumb"},"inLanguage":"es","potentialAction":[{"@type":"ReadAction","target":["https:\/\/centremedicmataro.com\/es\/especialidades\/homeopatia\/"]}]},{"@type":"BreadcrumbList","@id":"https:\/\/centremedicmataro.com\/es\/especialidades\/homeopatia\/#breadcrumb","itemListElement":[{"@type":"ListItem","position":1,"name":"Portada","item":"https:\/\/centremedicmataro.com\/es\/home\/"},{"@type":"ListItem","position":2,"name":"Especialidades","item":"https:\/\/centremedicmataro.com\/es\/especialidades\/"},{"@type":"ListItem","position":3,"name":"Homeopat\u00eda"}]},{"@type":"WebSite","@id":"https:\/\/centremedicmataro.com\/#website","url":"https:\/\/centremedicmataro.com\/","name":"Medic","description":"","potentialAction":[{"@type":"SearchAction","target":{"@type":"EntryPoint","urlTemplate":"https:\/\/centremedicmataro.com\/?s={search_term_string}"},"query-input":{"@type":"PropertyValueSpecification","valueRequired":true,"valueName":"search_term_string"}}],"inLanguage":"es"}]}},"_links":{"self":[{"href":"https:\/\/centremedicmataro.com\/es\/wp-json\/wp\/v2\/pages\/445","targetHints":{"allow":["GET"]}}],"collection":[{"href":"https:\/\/centremedicmataro.com\/es\/wp-json\/wp\/v2\/pages"}],"about":[{"href":"https:\/\/centremedicmataro.com\/es\/wp-json\/wp\/v2\/types\/page"}],"author":[{"embeddable":true,"href":"https:\/\/centremedicmataro.com\/es\/wp-json\/wp\/v2\/users\/2"}],"replies":[{"embeddable":true,"href":"https:\/\/centremedicmataro.com\/es\/wp-json\/wp\/v2\/comments?post=445"}],"version-history":[{"count":0,"href":"https:\/\/centremedicmataro.com\/es\/wp-json\/wp\/v2\/pages\/445\/revisions"}],"up":[{"embeddable":true,"href":"https:\/\/centremedicmataro.com\/es\/wp-json\/wp\/v2\/pages\/467"}],"wp:attachment":[{"href":"https:\/\/centremedicmataro.com\/es\/wp-json\/wp\/v2\/media?parent=445"}],"curies":[{"name":"wp","href":"https:\/\/api.w.org\/{rel}","templated":true}]}}