{"id":454,"date":"2024-12-10T19:24:23","date_gmt":"2024-12-10T19:24:23","guid":{"rendered":"https:\/\/centremedicmataro.com\/quadre-medic-doctor-detall\/"},"modified":"2025-03-24T10:36:29","modified_gmt":"2025-03-24T10:36:29","slug":"cuadro-medico","status":"publish","type":"page","link":"https:\/\/centremedicmataro.com\/es\/cuadro-medico\/","title":{"rendered":"Cuadro M\u00e9dico"},"content":{"rendered":"\n<style type=\"text\/css\" data-created_by=\"avia_inline_auto\" id=\"style-css-av-x7gck-8177be4cdb2a255b191edd8c04478b6d\">\n.avia-section.av-x7gck-8177be4cdb2a255b191edd8c04478b6d{\nbackground-color:#c7a436;\nbackground-image:unset;\n}\n<\/style>\n<div id='av_section_1'  class='avia-section av-x7gck-8177be4cdb2a255b191edd8c04478b6d main_color avia-section-default avia-no-border-styling  avia-builder-el-0  el_before_av_section  avia-builder-el-first  avia-bg-style-scroll container_wrap fullsize'  ><div class='container av-section-cont-open' ><main  role=\"main\" itemprop=\"mainContentOfPage\"  class='template-page content  av-content-full alpha units'><div class='post-entry post-entry-type-page post-entry-454'><div class='entry-content-wrapper clearfix'>\n\n<style type=\"text\/css\" data-created_by=\"avia_inline_auto\" id=\"style-css-av-r8wl0-48f67d44a892aa07ec28e329ec9bd58b\">\n#top .av-special-heading.av-r8wl0-48f67d44a892aa07ec28e329ec9bd58b{\npadding-bottom:10px;\ncolor:#ffffff;\n}\nbody .av-special-heading.av-r8wl0-48f67d44a892aa07ec28e329ec9bd58b .av-special-heading-tag .heading-char{\nfont-size:25px;\n}\n.av-special-heading.av-r8wl0-48f67d44a892aa07ec28e329ec9bd58b .special-heading-inner-border{\nborder-color:#ffffff;\n}\n.av-special-heading.av-r8wl0-48f67d44a892aa07ec28e329ec9bd58b .av-subheading{\nfont-size:15px;\n}\n<\/style>\n<div  class='av-special-heading av-r8wl0-48f67d44a892aa07ec28e329ec9bd58b av-special-heading-h1 custom-color-heading blockquote modern-quote modern-centered  avia-builder-el-1  el_before_av_textblock  avia-builder-el-first '><h1 class='av-special-heading-tag '  itemprop=\"headline\"  >Cuadro m\u00e9dico<\/h1><div class=\"special-heading-border\"><div class=\"special-heading-inner-border\"><\/div><\/div><\/div>\n<section  class='av_textblock_section av-j7hlo-2c82c30fb6861502c229409257127d19 '   itemscope=\"itemscope\" itemtype=\"https:\/\/schema.org\/CreativeWork\" ><div class='avia_textblock'  itemprop=\"text\" >\n<\/div><\/section>\n<\/div><\/div><\/main><!-- close content main element --><\/div><\/div><div id='av_section_2'  class='avia-section av-gxecs-c9c065c99e57ea376f949384d0d43765 main_color avia-section-default avia-no-border-styling  avia-builder-el-3  el_after_av_section  avia-builder-el-last  avia-bg-style-scroll container_wrap fullsize'  ><div class='container av-section-cont-open' ><div class='template-page content  av-content-full alpha units'><div class='post-entry post-entry-type-page post-entry-454'><div class='entry-content-wrapper clearfix'>\n\n<style type=\"text\/css\" data-created_by=\"avia_inline_auto\" id=\"style-css-av-14urg-5f60fddff6bb8d4c19e78e909c4c33a9\">\n#top .av-special-heading.av-14urg-5f60fddff6bb8d4c19e78e909c4c33a9{\npadding-bottom:10px;\n}\nbody .av-special-heading.av-14urg-5f60fddff6bb8d4c19e78e909c4c33a9 .av-special-heading-tag .heading-char{\nfont-size:25px;\n}\n.av-special-heading.av-14urg-5f60fddff6bb8d4c19e78e909c4c33a9 .av-subheading{\nfont-size:15px;\n}\n<\/style>\n<div  class='av-special-heading av-14urg-5f60fddff6bb8d4c19e78e909c4c33a9 av-special-heading-h2 blockquote modern-quote  avia-builder-el-4  el_before_av_hr  avia-builder-el-first '><h2 class='av-special-heading-tag '  itemprop=\"headline\"  >NUESTRAS ESPECIALIZADES:<\/h2><div class=\"special-heading-border\"><div class=\"special-heading-inner-border\"><\/div><\/div><\/div>\n\n<style type=\"text\/css\" data-created_by=\"avia_inline_auto\" id=\"style-css-av-m4wk7lah-da4e2a6c72293531967e801e425b64ea\">\n#top .hr.hr-invisible.av-m4wk7lah-da4e2a6c72293531967e801e425b64ea{\nheight:20px;\n}\n<\/style>\n<div  class='hr av-m4wk7lah-da4e2a6c72293531967e801e425b64ea hr-invisible  avia-builder-el-5  el_after_av_heading  el_before_av_textblock '><span class='hr-inner '><span class=\"hr-inner-style\"><\/span><\/span><\/div>\n<section  class='av_textblock_section av-m4voeskx-a48007a72182da54b80c17281ea0501c '   itemscope=\"itemscope\" itemtype=\"https:\/\/schema.org\/CreativeWork\" ><div class='avia_textblock'  itemprop=\"text\" >\n<\/div><\/section>\n<\/p>\n","protected":false},"excerpt":{"rendered":"","protected":false},"author":1,"featured_media":0,"parent":0,"menu_order":0,"comment_status":"closed","ping_status":"closed","template":"","meta":{"footnotes":""},"class_list":["post-454","page","type-page","status-publish","hentry"],"yoast_head":"<!-- This site is optimized with the Yoast SEO plugin v27.6 - https:\/\/yoast.com\/product\/yoast-seo-wordpress\/ -->\n<title>Cuadro M\u00e9dico - Medic<\/title>\n<meta name=\"description\" content=\"Descubre Quadremedic en Centre M\u00e8dic Matar\u00f3. Soluciones avanzadas en gesti\u00f3n de la salud para mejorar tu bienestar y atenci\u00f3n m\u00e9dica.\" \/>\n<meta name=\"robots\" content=\"index, follow, max-snippet:-1, max-image-preview:large, max-video-preview:-1\" \/>\n<link rel=\"canonical\" href=\"https:\/\/centremedicmataro.com\/es\/cuadro-medico\/\" \/>\n<meta property=\"og:locale\" content=\"es_ES\" \/>\n<meta property=\"og:type\" content=\"article\" \/>\n<meta property=\"og:title\" content=\"Cuadro M\u00e9dico - Medic\" \/>\n<meta property=\"og:description\" content=\"Descubre Quadremedic en Centre M\u00e8dic Matar\u00f3. Soluciones avanzadas en gesti\u00f3n de la salud para mejorar tu bienestar y atenci\u00f3n m\u00e9dica.\" \/>\n<meta property=\"og:url\" content=\"https:\/\/centremedicmataro.com\/es\/cuadro-medico\/\" \/>\n<meta property=\"og:site_name\" content=\"Medic\" \/>\n<meta property=\"article:modified_time\" content=\"2025-03-24T10:36:29+00:00\" \/>\n<meta name=\"twitter:card\" content=\"summary_large_image\" \/>\n<meta name=\"twitter:label1\" content=\"Tiempo de lectura\" \/>\n\t<meta name=\"twitter:data1\" content=\"1 minuto\" \/>\n<script type=\"application\/ld+json\" class=\"yoast-schema-graph\">{\"@context\":\"https:\\\/\\\/schema.org\",\"@graph\":[{\"@type\":\"WebPage\",\"@id\":\"https:\\\/\\\/centremedicmataro.com\\\/es\\\/cuadro-medico\\\/\",\"url\":\"https:\\\/\\\/centremedicmataro.com\\\/es\\\/cuadro-medico\\\/\",\"name\":\"Cuadro M\u00e9dico - Medic\",\"isPartOf\":{\"@id\":\"https:\\\/\\\/centremedicmataro.com\\\/#website\"},\"datePublished\":\"2024-12-10T19:24:23+00:00\",\"dateModified\":\"2025-03-24T10:36:29+00:00\",\"description\":\"Descubre Quadremedic en Centre M\u00e8dic Matar\u00f3. Soluciones avanzadas en gesti\u00f3n de la salud para mejorar tu bienestar y atenci\u00f3n m\u00e9dica.\",\"breadcrumb\":{\"@id\":\"https:\\\/\\\/centremedicmataro.com\\\/es\\\/cuadro-medico\\\/#breadcrumb\"},\"inLanguage\":\"es\",\"potentialAction\":[{\"@type\":\"ReadAction\",\"target\":[\"https:\\\/\\\/centremedicmataro.com\\\/es\\\/cuadro-medico\\\/\"]}]},{\"@type\":\"BreadcrumbList\",\"@id\":\"https:\\\/\\\/centremedicmataro.com\\\/es\\\/cuadro-medico\\\/#breadcrumb\",\"itemListElement\":[{\"@type\":\"ListItem\",\"position\":1,\"name\":\"Portada\",\"item\":\"https:\\\/\\\/centremedicmataro.com\\\/es\\\/home\\\/\"},{\"@type\":\"ListItem\",\"position\":2,\"name\":\"Cuadro M\u00e9dico\"}]},{\"@type\":\"WebSite\",\"@id\":\"https:\\\/\\\/centremedicmataro.com\\\/#website\",\"url\":\"https:\\\/\\\/centremedicmataro.com\\\/\",\"name\":\"Medic\",\"description\":\"\",\"potentialAction\":[{\"@type\":\"SearchAction\",\"target\":{\"@type\":\"EntryPoint\",\"urlTemplate\":\"https:\\\/\\\/centremedicmataro.com\\\/?s={search_term_string}\"},\"query-input\":{\"@type\":\"PropertyValueSpecification\",\"valueRequired\":true,\"valueName\":\"search_term_string\"}}],\"inLanguage\":\"es\"}]}<\/script>\n<!-- \/ Yoast SEO plugin. -->","yoast_head_json":{"title":"Cuadro M\u00e9dico - Medic","description":"Descubre Quadremedic en Centre M\u00e8dic Matar\u00f3. Soluciones avanzadas en gesti\u00f3n de la salud para mejorar tu bienestar y atenci\u00f3n m\u00e9dica.","robots":{"index":"index","follow":"follow","max-snippet":"max-snippet:-1","max-image-preview":"max-image-preview:large","max-video-preview":"max-video-preview:-1"},"canonical":"https:\/\/centremedicmataro.com\/es\/cuadro-medico\/","og_locale":"es_ES","og_type":"article","og_title":"Cuadro M\u00e9dico - Medic","og_description":"Descubre Quadremedic en Centre M\u00e8dic Matar\u00f3. Soluciones avanzadas en gesti\u00f3n de la salud para mejorar tu bienestar y atenci\u00f3n m\u00e9dica.","og_url":"https:\/\/centremedicmataro.com\/es\/cuadro-medico\/","og_site_name":"Medic","article_modified_time":"2025-03-24T10:36:29+00:00","twitter_card":"summary_large_image","twitter_misc":{"Tiempo de lectura":"1 minuto"},"schema":{"@context":"https:\/\/schema.org","@graph":[{"@type":"WebPage","@id":"https:\/\/centremedicmataro.com\/es\/cuadro-medico\/","url":"https:\/\/centremedicmataro.com\/es\/cuadro-medico\/","name":"Cuadro M\u00e9dico - Medic","isPartOf":{"@id":"https:\/\/centremedicmataro.com\/#website"},"datePublished":"2024-12-10T19:24:23+00:00","dateModified":"2025-03-24T10:36:29+00:00","description":"Descubre Quadremedic en Centre M\u00e8dic Matar\u00f3. Soluciones avanzadas en gesti\u00f3n de la salud para mejorar tu bienestar y atenci\u00f3n m\u00e9dica.","breadcrumb":{"@id":"https:\/\/centremedicmataro.com\/es\/cuadro-medico\/#breadcrumb"},"inLanguage":"es","potentialAction":[{"@type":"ReadAction","target":["https:\/\/centremedicmataro.com\/es\/cuadro-medico\/"]}]},{"@type":"BreadcrumbList","@id":"https:\/\/centremedicmataro.com\/es\/cuadro-medico\/#breadcrumb","itemListElement":[{"@type":"ListItem","position":1,"name":"Portada","item":"https:\/\/centremedicmataro.com\/es\/home\/"},{"@type":"ListItem","position":2,"name":"Cuadro M\u00e9dico"}]},{"@type":"WebSite","@id":"https:\/\/centremedicmataro.com\/#website","url":"https:\/\/centremedicmataro.com\/","name":"Medic","description":"","potentialAction":[{"@type":"SearchAction","target":{"@type":"EntryPoint","urlTemplate":"https:\/\/centremedicmataro.com\/?s={search_term_string}"},"query-input":{"@type":"PropertyValueSpecification","valueRequired":true,"valueName":"search_term_string"}}],"inLanguage":"es"}]}},"_links":{"self":[{"href":"https:\/\/centremedicmataro.com\/es\/wp-json\/wp\/v2\/pages\/454","targetHints":{"allow":["GET"]}}],"collection":[{"href":"https:\/\/centremedicmataro.com\/es\/wp-json\/wp\/v2\/pages"}],"about":[{"href":"https:\/\/centremedicmataro.com\/es\/wp-json\/wp\/v2\/types\/page"}],"author":[{"embeddable":true,"href":"https:\/\/centremedicmataro.com\/es\/wp-json\/wp\/v2\/users\/1"}],"replies":[{"embeddable":true,"href":"https:\/\/centremedicmataro.com\/es\/wp-json\/wp\/v2\/comments?post=454"}],"version-history":[{"count":0,"href":"https:\/\/centremedicmataro.com\/es\/wp-json\/wp\/v2\/pages\/454\/revisions"}],"wp:attachment":[{"href":"https:\/\/centremedicmataro.com\/es\/wp-json\/wp\/v2\/media?parent=454"}],"curies":[{"name":"wp","href":"https:\/\/api.w.org\/{rel}","templated":true}]}}