{"id":465,"date":"2024-12-10T10:01:19","date_gmt":"2024-12-10T10:01:19","guid":{"rendered":"https:\/\/centremedicmataro.com\/contactar\/"},"modified":"2026-03-10T11:06:43","modified_gmt":"2026-03-10T11:06:43","slug":"contactar","status":"publish","type":"page","link":"https:\/\/centremedicmataro.com\/es\/contactar\/","title":{"rendered":"Contactar"},"content":{"rendered":"<div id='av-layout-grid-1'  class='av-layout-grid-container av-xbpt-6dc00e303b8e83c85cd727ec1ed6983b entry-content-wrapper main_color av-flex-cells  avia-builder-el-0  el_before_av_section  avia-builder-el-first   container_wrap fullsize'  >\n\n<style type=\"text\/css\" data-created_by=\"avia_inline_auto\" id=\"style-css-av-m4lh24ry-1b2983ace97853f8d5a55570f2b227ec\">\n.flex_cell.av-m4lh24ry-1b2983ace97853f8d5a55570f2b227ec{\nvertical-align:top;\n}\n.responsive #top #wrap_all .flex_cell.av-m4lh24ry-1b2983ace97853f8d5a55570f2b227ec{\npadding:0px 0px 0px 0px !important;\n}\n<\/style>\n<div class='flex_cell av-m4lh24ry-1b2983ace97853f8d5a55570f2b227ec av-gridrow-cell av_one_full no_margin  avia-builder-el-1  avia-builder-el-no-sibling  content-align-top av-zero-padding'  ><div class='flex_cell_inner'><div  class='av_gmaps_sc_main_wrap av_gmaps_main_wrap '><div id='av_gmap_0' class='avia-google-map-container avia-google-map-sc av_gmaps_show_unconditionally av-no-fallback-img ' data-mapid='av_gmap_0'  style='height: 300px;'><a class=\"av_gmaps_browser_disabled av_text_confirm_link av_text_confirm_link_visible\" href=\"https:\/\/www.google.com\/maps\/search\/?api=1&#038;query=C\/%20Col\u00f3n,%2063%2008301%20Matar\u00f3%20Barcelona%20Espa\u00f1a\" target=\"_blank\">Maps were disabled by the visitor on this site. Click to open the map in a new window.<\/a><\/div><\/div>\n<\/div><\/div>\n<\/div>\n<div id='av_section_1'  class='avia-section av-2bf41-dfc48d72d062c9a442b9eaadd94f7193 main_color avia-section-default avia-no-border-styling  avia-builder-el-3  el_after_av_layout_row  avia-builder-el-last  avia-bg-style-scroll container_wrap fullsize'  ><div class='container av-section-cont-open' ><div class='template-page content  av-content-full alpha units'><div class='post-entry post-entry-type-page post-entry-465'><div class='entry-content-wrapper clearfix'>\n<div  class='flex_column av-nyix-7f93cc9be372ea677492f591cec96e52 av_one_full  avia-builder-el-4  el_before_av_two_fifth  avia-builder-el-first  first flex_column_div  '     ><section  class='av_textblock_section av-m4ilfb5b-f9c0bbfe5a460ea02a7ad7ab1c53c15e '   itemscope=\"itemscope\" itemtype=\"https:\/\/schema.org\/CreativeWork\" ><div class='avia_textblock'  itemprop=\"text\" ><h2 style=\"text-align: center;\">CONTACTA CON NOSOTROS<\/h2>\n<\/div><\/section><\/div><div  class='flex_column av-3pcx-302a6d2bd752c3546b2b77de91f4a457 av_two_fifth  avia-builder-el-6  el_after_av_one_full  el_before_av_three_fifth  first flex_column_div  column-top-margin'     ><article  class='iconbox iconbox_top av-m4iljmjw-004945cfe4cb0e42083815559fcc82c8  avia-builder-el-7  avia-builder-el-no-sibling  main_color'  itemscope=\"itemscope\" itemtype=\"https:\/\/schema.org\/CreativeWork\" ><div class=\"iconbox_content\"><header class=\"entry-content-header\" aria-label=\"Icon:  LL\u00c1MENOS A:\"><div class='iconbox_icon heading-color avia-iconfont avia-font-entypo-fontello' data-av_icon='\ue854' data-av_iconfont='entypo-fontello'  ><\/div><h3 class='iconbox_content_title '  itemprop=\"headline\" > LL\u00c1MENOS A:<\/h3><\/header><div class='iconbox_content_container '  itemprop=\"text\" ><p style=\"text-align: center; font-size: 20pt;\"><big><a id=\"ConvCallFooter\" href=\"tel:937908484\">93 790 84 84<\/a><\/big><\/p>\n<\/div><\/div><footer class=\"entry-footer\"><\/footer><\/article><\/div><div  class='flex_column av-2bhkx-5d3b7fa51e56f18b9ea7c269e91f744b av_three_fifth  avia-builder-el-8  el_after_av_two_fifth  avia-builder-el-last  flex_column_div  column-top-margin'     ><form action=\"https:\/\/centremedicmataro.com\/es\/contactar\/\" method=\"post\" data-fields-with-error=\"Found errors in the following field(s):\" class=\"avia_ajax_form av-form-labels-visible   avia-builder-el-9  avia-builder-el-no-sibling   \" data-avia-form-id=\"1\" data-avia-redirect='' ><h3 class=''>Env\u00edanos un correo electr\u00f3nico<\/h3><fieldset><p class='  first_form  form_element form_element_half' id='element_avia_1_1'><label for=\"avia_1_1\">Nombre <abbr class=\"required\" title=\"requerido\">*<\/abbr><\/label> <input name=\"avia_1_1\" class=\"text_input is_empty\" type=\"text\" id=\"avia_1_1\" value=\"\" \/><\/p><p class='  form_element form_element_half' id='element_avia_2_1'><label for=\"avia_2_1\">Apellidos <abbr class=\"required\" title=\"requerido\">*<\/abbr><\/label> <input name=\"avia_2_1\" class=\"text_input is_empty\" type=\"text\" id=\"avia_2_1\" value=\"\" \/><\/p><p class='  first_form  form_element form_element_third' id='element_avia_3_1'><label for=\"avia_3_1\">Tel\u00e9fono <abbr class=\"required\" title=\"requerido\">*<\/abbr><\/label> <input name=\"avia_3_1\" class=\"text_input is_phone\" type=\"text\" id=\"avia_3_1\" value=\"\" \/><\/p><p class='  form_element form_element_two_third' id='element_avia_4_1'><label for=\"avia_4_1\">E-Mail <abbr class=\"required\" title=\"requerido\">*<\/abbr><\/label> <input name=\"avia_4_1\" class=\"text_input is_email\" type=\"text\" id=\"avia_4_1\" value=\"\" \/><\/p><p class='  first_form  form_element form_fullwidth' id='element_avia_5_1'><label for=\"avia_5_1\">Asunto <abbr class=\"required\" title=\"requerido\">*<\/abbr><\/label> <input name=\"avia_5_1\" class=\"text_input is_empty\" type=\"text\" id=\"avia_5_1\" value=\"\" \/><\/p><p class='  first_form  form_element form_fullwidth' id='element_avia_6_1'><label for=\"avia_6_1\" class=\"textare_label hidden textare_label_avia_6_1\">Mensaje <abbr class=\"required\" title=\"requerido\">*<\/abbr><\/label><textarea  name=\"avia_6_1\" class=\"text_area is_empty\" cols=\"40\" rows=\"7\" id=\"avia_6_1\" ><\/textarea><\/p><p class=\"hidden\"><input type=\"text\" name=\"avia_7_1\" class=\"hidden \" id=\"avia_7_1\" value=\"\" \/><\/p><div id='avia_8_1' class='av-recaptcha-area  first_form  form_element form_fullwidth '  data-container_class=\"\" data-custom_class=\"\" data-context=\"av_contact_form\" data-token_input=\"av_recaptcha_token\" data-version=\"avia_recaptcha_v3\" data-theme=\"light\" data-size=\"normal\" data-score=\"0.5\" data-text_to_preview=\"\" data-value=\"\"><div class=\"av-google-badge-message hidden\">This site is protected by reCAPTCHA and the Google <a href=\"https:\/\/policies.google.com\/privacy\" target=\"_blank\" rel=\"noopener noreferrer\">Privacy Policy<\/a> and <a href=\"https:\/\/policies.google.com\/terms\" target=\"_blank\" rel=\"noopener noreferrer\">Terms of Service<\/a> apply.<\/div><\/div><p class=\"form_element \"><input type=\"hidden\" value=\"1\" name=\"avia_generated_form1\" \/><input type=\"submit\" value=\"Enviar\" class=\"button\"  data-sending-label=\"Enviando\"\/><\/p><\/fieldset><div class=\"avia-disabled-form\">Este formulario de contacto est\u00e1 desactivado porque rechazaste aceptar el servicio de Google reCaptcha, que es necesario para validar los mensajes enviados a trav\u00e9s del formulario.<\/div><\/form><div id=\"ajaxresponse_1\" class=\"ajaxresponse ajaxresponse_1 hidden\"><\/div><\/div>\n","protected":false},"excerpt":{"rendered":"","protected":false},"author":2,"featured_media":0,"parent":0,"menu_order":0,"comment_status":"closed","ping_status":"closed","template":"","meta":{"footnotes":""},"class_list":["post-465","page","type-page","status-publish","hentry"],"yoast_head":"<!-- This site is optimized with the Yoast SEO plugin v27.6 - https:\/\/yoast.com\/product\/yoast-seo-wordpress\/ -->\n<title>Contactar - Medic<\/title>\n<meta name=\"description\" content=\"Contacta con Centre M\u00e8dic Matar\u00f3 para solicitar cita o m\u00e1s informaci\u00f3n. Estamos en Matar\u00f3, listos para atenderte.\" \/>\n<meta name=\"robots\" content=\"index, follow, max-snippet:-1, max-image-preview:large, max-video-preview:-1\" \/>\n<link rel=\"canonical\" href=\"https:\/\/centremedicmataro.com\/es\/contactar\/\" \/>\n<meta property=\"og:locale\" content=\"es_ES\" \/>\n<meta property=\"og:type\" content=\"article\" \/>\n<meta property=\"og:title\" content=\"Contactar - Medic\" \/>\n<meta property=\"og:description\" content=\"Contacta con Centre M\u00e8dic Matar\u00f3 para solicitar cita o m\u00e1s informaci\u00f3n. Estamos en Matar\u00f3, listos para atenderte.\" \/>\n<meta property=\"og:url\" content=\"https:\/\/centremedicmataro.com\/es\/contactar\/\" \/>\n<meta property=\"og:site_name\" content=\"Medic\" \/>\n<meta property=\"article:modified_time\" content=\"2026-03-10T11:06:43+00:00\" \/>\n<meta name=\"twitter:card\" content=\"summary_large_image\" \/>\n<meta name=\"twitter:label1\" content=\"Tiempo de lectura\" \/>\n\t<meta name=\"twitter:data1\" content=\"1 minuto\" \/>\n<script type=\"application\/ld+json\" class=\"yoast-schema-graph\">{\"@context\":\"https:\\\/\\\/schema.org\",\"@graph\":[{\"@type\":\"WebPage\",\"@id\":\"https:\\\/\\\/centremedicmataro.com\\\/es\\\/contactar\\\/\",\"url\":\"https:\\\/\\\/centremedicmataro.com\\\/es\\\/contactar\\\/\",\"name\":\"Contactar - Medic\",\"isPartOf\":{\"@id\":\"https:\\\/\\\/centremedicmataro.com\\\/#website\"},\"datePublished\":\"2024-12-10T10:01:19+00:00\",\"dateModified\":\"2026-03-10T11:06:43+00:00\",\"description\":\"Contacta con Centre M\u00e8dic Matar\u00f3 para solicitar cita o m\u00e1s informaci\u00f3n. Estamos en Matar\u00f3, listos para atenderte.\",\"breadcrumb\":{\"@id\":\"https:\\\/\\\/centremedicmataro.com\\\/es\\\/contactar\\\/#breadcrumb\"},\"inLanguage\":\"es\",\"potentialAction\":[{\"@type\":\"ReadAction\",\"target\":[\"https:\\\/\\\/centremedicmataro.com\\\/es\\\/contactar\\\/\"]}]},{\"@type\":\"BreadcrumbList\",\"@id\":\"https:\\\/\\\/centremedicmataro.com\\\/es\\\/contactar\\\/#breadcrumb\",\"itemListElement\":[{\"@type\":\"ListItem\",\"position\":1,\"name\":\"Portada\",\"item\":\"https:\\\/\\\/centremedicmataro.com\\\/es\\\/home\\\/\"},{\"@type\":\"ListItem\",\"position\":2,\"name\":\"Contactar\"}]},{\"@type\":\"WebSite\",\"@id\":\"https:\\\/\\\/centremedicmataro.com\\\/#website\",\"url\":\"https:\\\/\\\/centremedicmataro.com\\\/\",\"name\":\"Medic\",\"description\":\"\",\"potentialAction\":[{\"@type\":\"SearchAction\",\"target\":{\"@type\":\"EntryPoint\",\"urlTemplate\":\"https:\\\/\\\/centremedicmataro.com\\\/?s={search_term_string}\"},\"query-input\":{\"@type\":\"PropertyValueSpecification\",\"valueRequired\":true,\"valueName\":\"search_term_string\"}}],\"inLanguage\":\"es\"}]}<\/script>\n<!-- \/ Yoast SEO plugin. -->","yoast_head_json":{"title":"Contactar - Medic","description":"Contacta con Centre M\u00e8dic Matar\u00f3 para solicitar cita o m\u00e1s informaci\u00f3n. Estamos en Matar\u00f3, listos para atenderte.","robots":{"index":"index","follow":"follow","max-snippet":"max-snippet:-1","max-image-preview":"max-image-preview:large","max-video-preview":"max-video-preview:-1"},"canonical":"https:\/\/centremedicmataro.com\/es\/contactar\/","og_locale":"es_ES","og_type":"article","og_title":"Contactar - Medic","og_description":"Contacta con Centre M\u00e8dic Matar\u00f3 para solicitar cita o m\u00e1s informaci\u00f3n. Estamos en Matar\u00f3, listos para atenderte.","og_url":"https:\/\/centremedicmataro.com\/es\/contactar\/","og_site_name":"Medic","article_modified_time":"2026-03-10T11:06:43+00:00","twitter_card":"summary_large_image","twitter_misc":{"Tiempo de lectura":"1 minuto"},"schema":{"@context":"https:\/\/schema.org","@graph":[{"@type":"WebPage","@id":"https:\/\/centremedicmataro.com\/es\/contactar\/","url":"https:\/\/centremedicmataro.com\/es\/contactar\/","name":"Contactar - Medic","isPartOf":{"@id":"https:\/\/centremedicmataro.com\/#website"},"datePublished":"2024-12-10T10:01:19+00:00","dateModified":"2026-03-10T11:06:43+00:00","description":"Contacta con Centre M\u00e8dic Matar\u00f3 para solicitar cita o m\u00e1s informaci\u00f3n. Estamos en Matar\u00f3, listos para atenderte.","breadcrumb":{"@id":"https:\/\/centremedicmataro.com\/es\/contactar\/#breadcrumb"},"inLanguage":"es","potentialAction":[{"@type":"ReadAction","target":["https:\/\/centremedicmataro.com\/es\/contactar\/"]}]},{"@type":"BreadcrumbList","@id":"https:\/\/centremedicmataro.com\/es\/contactar\/#breadcrumb","itemListElement":[{"@type":"ListItem","position":1,"name":"Portada","item":"https:\/\/centremedicmataro.com\/es\/home\/"},{"@type":"ListItem","position":2,"name":"Contactar"}]},{"@type":"WebSite","@id":"https:\/\/centremedicmataro.com\/#website","url":"https:\/\/centremedicmataro.com\/","name":"Medic","description":"","potentialAction":[{"@type":"SearchAction","target":{"@type":"EntryPoint","urlTemplate":"https:\/\/centremedicmataro.com\/?s={search_term_string}"},"query-input":{"@type":"PropertyValueSpecification","valueRequired":true,"valueName":"search_term_string"}}],"inLanguage":"es"}]}},"_links":{"self":[{"href":"https:\/\/centremedicmataro.com\/es\/wp-json\/wp\/v2\/pages\/465","targetHints":{"allow":["GET"]}}],"collection":[{"href":"https:\/\/centremedicmataro.com\/es\/wp-json\/wp\/v2\/pages"}],"about":[{"href":"https:\/\/centremedicmataro.com\/es\/wp-json\/wp\/v2\/types\/page"}],"author":[{"embeddable":true,"href":"https:\/\/centremedicmataro.com\/es\/wp-json\/wp\/v2\/users\/2"}],"replies":[{"embeddable":true,"href":"https:\/\/centremedicmataro.com\/es\/wp-json\/wp\/v2\/comments?post=465"}],"version-history":[{"count":0,"href":"https:\/\/centremedicmataro.com\/es\/wp-json\/wp\/v2\/pages\/465\/revisions"}],"wp:attachment":[{"href":"https:\/\/centremedicmataro.com\/es\/wp-json\/wp\/v2\/media?parent=465"}],"curies":[{"name":"wp","href":"https:\/\/api.w.org\/{rel}","templated":true}]}}