{"id":469,"date":"2024-12-10T10:04:23","date_gmt":"2024-12-10T10:04:23","guid":{"rendered":"https:\/\/centremedicmataro.com\/cita-online\/"},"modified":"2024-12-19T11:08:43","modified_gmt":"2024-12-19T11:08:43","slug":"cita-online","status":"publish","type":"page","link":"https:\/\/centremedicmataro.com\/es\/cita-online\/","title":{"rendered":"Cita Online"},"content":{"rendered":"<div id='av_section_1'  class='avia-section av-1zh3q-dbf79d81137ccbd10b9a29cf722e601a main_color avia-section-default avia-no-border-styling  avia-builder-el-0  avia-builder-el-no-sibling  avia-bg-style-scroll container_wrap fullsize'  ><div class='container av-section-cont-open' ><main  role=\"main\" itemprop=\"mainContentOfPage\"  class='template-page content  av-content-full alpha units'><div class='post-entry post-entry-type-page post-entry-469'><div class='entry-content-wrapper clearfix'>\n<div  class='flex_column av-1ntta-d119f1968214bc4a977f1d7583576739 av_one_full  avia-builder-el-1  avia-builder-el-no-sibling  first flex_column_div  '     ><p>\n<style type=\"text\/css\" data-created_by=\"avia_inline_auto\" id=\"style-css-av-m4ilcvzv-b049290c7f7657ed2d6ad7df06625b74\">\n.av_font_icon.av-m4ilcvzv-b049290c7f7657ed2d6ad7df06625b74{\ncolor:#c4a135;\nborder-color:#c4a135;\n}\n.avia-svg-icon.av-m4ilcvzv-b049290c7f7657ed2d6ad7df06625b74 svg:first-child{\nstroke:#c4a135;\nfill:#c4a135;\n}\n.av_font_icon.av-m4ilcvzv-b049290c7f7657ed2d6ad7df06625b74 .av-icon-char{\nfont-size:60px;\nline-height:60px;\n}\n<\/style>\n<span  class='av_font_icon av-m4ilcvzv-b049290c7f7657ed2d6ad7df06625b74 avia_animate_when_visible av-icon-style- avia-icon-pos-center avia-iconfont avia-font-entypo-fontello avia-icon-animate'><span class='av-icon-char' data-av_icon='\ue85b' data-av_iconfont='entypo-fontello' aria-hidden=\"true\" ><\/span><\/span><br \/>\n\n<style type=\"text\/css\" data-created_by=\"avia_inline_auto\" id=\"style-css-av-m4ilblsv-f86706b53b638ec7b292b8ad7d38eaa9\">\n#top .hr.hr-invisible.av-m4ilblsv-f86706b53b638ec7b292b8ad7d38eaa9{\nheight:30px;\n}\n<\/style>\n<div  class='hr av-m4ilblsv-f86706b53b638ec7b292b8ad7d38eaa9 hr-invisible  avia-builder-el-3  el_after_av_font_icon  el_before_av_textblock '><span class='hr-inner '><span class=\"hr-inner-style\"><\/span><\/span><\/div><br \/>\n<section  class='av_textblock_section av-m4ilc35c-3c0999148283c41552b4351b420544cf '   itemscope=\"itemscope\" itemtype=\"https:\/\/schema.org\/CreativeWork\" ><div class='avia_textblock'  itemprop=\"text\" ><h2 style=\"text-align: center;\">Pide ahora tu visita a trav\u00e9s de la cita online<\/h2>\n<h4 style=\"text-align: center;\">F\u00e1cil, \u00e1gil, r\u00e1pido y sin esperas<\/h4>\n<\/div><\/section><br \/>\n\n<style type=\"text\/css\" data-created_by=\"avia_inline_auto\" id=\"style-css-av-167mq-0ebf5f240117c484833d9e37a28afed3\">\n#top .hr.hr-invisible.av-167mq-0ebf5f240117c484833d9e37a28afed3{\nheight:30px;\n}\n<\/style>\n<div  class='hr av-167mq-0ebf5f240117c484833d9e37a28afed3 hr-invisible  avia-builder-el-5  el_after_av_textblock  el_before_av_button '><span class='hr-inner '><span class=\"hr-inner-style\"><\/span><\/span><\/div><br \/>\n<div  class='avia-button-wrap av-m4ilbbv2-c630ea470861657b12d2598a85fa8317-wrap avia-button-center  avia-builder-el-6  el_after_av_hr  avia-builder-el-last '><a href='https:\/\/citaonline.e-salus.com\/home\/7F7FDFDF555552524B4B505008E12204B4A8B746AB2C345A1F071C77\/es'  class='avia-button av-m4ilbbv2-c630ea470861657b12d2598a85fa8317 av-link-btn avia-icon_select-no avia-size-x-large avia-position-center avia-color-theme-color'  target=\"_blank\"  rel=\"noopener noreferrer\"  aria-label=\"- Cita Online -\"><span class='avia_iconbox_title' >- Cita Online -<\/span><\/a><\/div><\/p><\/div>\n","protected":false},"excerpt":{"rendered":"","protected":false},"author":2,"featured_media":0,"parent":0,"menu_order":0,"comment_status":"closed","ping_status":"closed","template":"","meta":{"footnotes":""},"class_list":["post-469","page","type-page","status-publish","hentry"],"yoast_head":"<!-- This site is optimized with the Yoast SEO plugin v27.6 - https:\/\/yoast.com\/product\/yoast-seo-wordpress\/ -->\n<title>Cita Online - Medic<\/title>\n<meta name=\"robots\" content=\"index, follow, max-snippet:-1, max-image-preview:large, max-video-preview:-1\" \/>\n<link rel=\"canonical\" href=\"https:\/\/centremedicmataro.com\/es\/cita-online\/\" \/>\n<meta property=\"og:locale\" content=\"es_ES\" \/>\n<meta property=\"og:type\" content=\"article\" \/>\n<meta property=\"og:title\" content=\"Cita Online - Medic\" \/>\n<meta property=\"og:url\" content=\"https:\/\/centremedicmataro.com\/es\/cita-online\/\" \/>\n<meta property=\"og:site_name\" content=\"Medic\" \/>\n<meta property=\"article:modified_time\" content=\"2024-12-19T11:08:43+00:00\" \/>\n<meta name=\"twitter:card\" content=\"summary_large_image\" \/>\n<meta name=\"twitter:label1\" content=\"Tiempo de lectura\" \/>\n\t<meta name=\"twitter:data1\" content=\"1 minuto\" \/>\n<script type=\"application\/ld+json\" class=\"yoast-schema-graph\">{\"@context\":\"https:\\\/\\\/schema.org\",\"@graph\":[{\"@type\":\"WebPage\",\"@id\":\"https:\\\/\\\/centremedicmataro.com\\\/es\\\/cita-online\\\/\",\"url\":\"https:\\\/\\\/centremedicmataro.com\\\/es\\\/cita-online\\\/\",\"name\":\"Cita Online - Medic\",\"isPartOf\":{\"@id\":\"https:\\\/\\\/centremedicmataro.com\\\/#website\"},\"datePublished\":\"2024-12-10T10:04:23+00:00\",\"dateModified\":\"2024-12-19T11:08:43+00:00\",\"breadcrumb\":{\"@id\":\"https:\\\/\\\/centremedicmataro.com\\\/es\\\/cita-online\\\/#breadcrumb\"},\"inLanguage\":\"es\",\"potentialAction\":[{\"@type\":\"ReadAction\",\"target\":[\"https:\\\/\\\/centremedicmataro.com\\\/es\\\/cita-online\\\/\"]}]},{\"@type\":\"BreadcrumbList\",\"@id\":\"https:\\\/\\\/centremedicmataro.com\\\/es\\\/cita-online\\\/#breadcrumb\",\"itemListElement\":[{\"@type\":\"ListItem\",\"position\":1,\"name\":\"Portada\",\"item\":\"https:\\\/\\\/centremedicmataro.com\\\/es\\\/home\\\/\"},{\"@type\":\"ListItem\",\"position\":2,\"name\":\"Cita Online\"}]},{\"@type\":\"WebSite\",\"@id\":\"https:\\\/\\\/centremedicmataro.com\\\/#website\",\"url\":\"https:\\\/\\\/centremedicmataro.com\\\/\",\"name\":\"Medic\",\"description\":\"\",\"potentialAction\":[{\"@type\":\"SearchAction\",\"target\":{\"@type\":\"EntryPoint\",\"urlTemplate\":\"https:\\\/\\\/centremedicmataro.com\\\/?s={search_term_string}\"},\"query-input\":{\"@type\":\"PropertyValueSpecification\",\"valueRequired\":true,\"valueName\":\"search_term_string\"}}],\"inLanguage\":\"es\"}]}<\/script>\n<!-- \/ Yoast SEO plugin. -->","yoast_head_json":{"title":"Cita Online - Medic","robots":{"index":"index","follow":"follow","max-snippet":"max-snippet:-1","max-image-preview":"max-image-preview:large","max-video-preview":"max-video-preview:-1"},"canonical":"https:\/\/centremedicmataro.com\/es\/cita-online\/","og_locale":"es_ES","og_type":"article","og_title":"Cita Online - Medic","og_url":"https:\/\/centremedicmataro.com\/es\/cita-online\/","og_site_name":"Medic","article_modified_time":"2024-12-19T11:08:43+00:00","twitter_card":"summary_large_image","twitter_misc":{"Tiempo de lectura":"1 minuto"},"schema":{"@context":"https:\/\/schema.org","@graph":[{"@type":"WebPage","@id":"https:\/\/centremedicmataro.com\/es\/cita-online\/","url":"https:\/\/centremedicmataro.com\/es\/cita-online\/","name":"Cita Online - Medic","isPartOf":{"@id":"https:\/\/centremedicmataro.com\/#website"},"datePublished":"2024-12-10T10:04:23+00:00","dateModified":"2024-12-19T11:08:43+00:00","breadcrumb":{"@id":"https:\/\/centremedicmataro.com\/es\/cita-online\/#breadcrumb"},"inLanguage":"es","potentialAction":[{"@type":"ReadAction","target":["https:\/\/centremedicmataro.com\/es\/cita-online\/"]}]},{"@type":"BreadcrumbList","@id":"https:\/\/centremedicmataro.com\/es\/cita-online\/#breadcrumb","itemListElement":[{"@type":"ListItem","position":1,"name":"Portada","item":"https:\/\/centremedicmataro.com\/es\/home\/"},{"@type":"ListItem","position":2,"name":"Cita Online"}]},{"@type":"WebSite","@id":"https:\/\/centremedicmataro.com\/#website","url":"https:\/\/centremedicmataro.com\/","name":"Medic","description":"","potentialAction":[{"@type":"SearchAction","target":{"@type":"EntryPoint","urlTemplate":"https:\/\/centremedicmataro.com\/?s={search_term_string}"},"query-input":{"@type":"PropertyValueSpecification","valueRequired":true,"valueName":"search_term_string"}}],"inLanguage":"es"}]}},"_links":{"self":[{"href":"https:\/\/centremedicmataro.com\/es\/wp-json\/wp\/v2\/pages\/469","targetHints":{"allow":["GET"]}}],"collection":[{"href":"https:\/\/centremedicmataro.com\/es\/wp-json\/wp\/v2\/pages"}],"about":[{"href":"https:\/\/centremedicmataro.com\/es\/wp-json\/wp\/v2\/types\/page"}],"author":[{"embeddable":true,"href":"https:\/\/centremedicmataro.com\/es\/wp-json\/wp\/v2\/users\/2"}],"replies":[{"embeddable":true,"href":"https:\/\/centremedicmataro.com\/es\/wp-json\/wp\/v2\/comments?post=469"}],"version-history":[{"count":0,"href":"https:\/\/centremedicmataro.com\/es\/wp-json\/wp\/v2\/pages\/469\/revisions"}],"wp:attachment":[{"href":"https:\/\/centremedicmataro.com\/es\/wp-json\/wp\/v2\/media?parent=469"}],"curies":[{"name":"wp","href":"https:\/\/api.w.org\/{rel}","templated":true}]}}